{"id":6608,"date":"2019-09-27T05:08:00","date_gmt":"2019-09-27T03:08:00","guid":{"rendered":"https:\/\/www.pattys9.sg-host.com\/?page_id=6608"},"modified":"2026-02-23T08:37:19","modified_gmt":"2026-02-23T07:37:19","slug":"store-locator","status":"publish","type":"page","link":"https:\/\/www.cannadips.eu\/sv\/hitta-din-butik\/","title":{"rendered":"Hitta din butik"},"content":{"rendered":"<div class=\"wpb-content-wrapper\"><div      class=\"vc_row wpb_row section vc_row-fluid  store-locator grid_section\" style=' padding-bottom:30px; text-align:center;'><div class=\"section_inner clearfix\"><div class='section_inner_margin clearfix'><div class=\"wpb_column vc_column_container vc_col-sm-12\"><div class=\"vc_column-inner\"><div class=\"wpb_wrapper\">\n\t<div class=\"wpb_text_column wpb_content_element  h2-title\">\n\t\t<div class=\"wpb_wrapper\">\n\t\t\t<h2>Cannadips CBD \u00e5terf\u00f6rs\u00e4ljare<\/h2>\n\n\t\t<\/div>\n\t<\/div><div class=\"vc_empty_space\"  style=\"height: 5px\" >\n\t<span class=\"vc_empty_space_inner\">\n\t\t<span class=\"empty_space_image\"  ><\/span>\n\t<\/span>\n<\/div>\n\t<div class=\"wpb_text_column wpb_content_element\">\n\t\t<div class=\"wpb_wrapper\">\n\t\t\t<h4>Hitta din n\u00e4rmsta \u00e5terf\u00f6rs\u00e4ljare av Cannadips CBD.<\/h4>\n<h5>F\u00f6r n\u00e4rvarande endast tillg\u00e4ngligt i Tjeckien, Estland och utvalda butiker i SCHWEIZ.<\/h5>\n\n\t\t<\/div>\n\t<\/div><\/div><\/div><\/div><\/div><\/div><\/div><div      class=\"vc_row wpb_row section vc_row-fluid\" style=' text-align:left;'><div class=\"full_section_inner clearfix\"><div class=\"wpb_column vc_column_container vc_col-sm-12\"><div class=\"vc_column-inner\"><div class=\"wpb_wrapper\"><\/div><\/div><\/div><\/div><\/div><div      class=\"vc_row wpb_row section vc_row-fluid  grid_section\" style=' padding-top:40px; padding-bottom:80px; text-align:center;'><div class=\"section_inner clearfix\"><div class='section_inner_margin clearfix'><div class=\"wpb_column vc_column_container vc_col-sm-12\"><div class=\"vc_column-inner\"><div class=\"wpb_wrapper\">\n\t<div class=\"wpb_text_column wpb_content_element\">\n\t\t<div class=\"wpb_wrapper\">\n\t\t\t<h3>V\u00c5RA PRODUKTER FINNS \u00c4VEN TILLG\u00c4NGLIGA HOS F\u00d6LJANDE E-HANDLARE<\/h3>\n\n\t\t<\/div>\n\t<\/div><div class=\"vc_empty_space\"  style=\"height: 10px\" >\n\t<span class=\"vc_empty_space_inner\">\n\t\t<span class=\"empty_space_image\"  ><\/span>\n\t<\/span>\n<\/div>\n\t<div class=\"wpb_text_column wpb_content_element  vc_custom_1746428332328\">\n\t\t<div class=\"wpb_wrapper\">\n\t\t\t<table id=\"store-links\" class=\"table-center\" style=\"background: none; border-bottom: 2px solid #111; border-spacing: 0; width: 100%;\">\n<tbody>\n<tr id=\"store-links-header\" style=\"border-bottom: 2px solid #111;\">\n<th>Location<\/th>\n<th>Shop<\/th>\n<\/tr>\n<tr>\n<td>ALL EU<\/td>\n<td><a href=\"https:\/\/snushus.eu\/\" target=\"_blank\" rel=\"noopener\">Snushus.eu<\/a><\/td>\n<\/tr>\n<tr>\n<td>ALL EU<\/td>\n<td><a href=\"https:\/\/www.snussie.com\/en\/brands\/cannadips\/\" target=\"_blank\" rel=\"noopener\">Snussie<\/a><\/td>\n<\/tr>\n<tr>\n<td>Bulgarien<\/td>\n<td><a href=\"https:\/\/www.icestore.bg\/en\/\" target=\"_blank\" rel=\"noopener\">Ice Store<\/a><\/td>\n<\/tr>\n<tr>\n<td>Czech &amp; Slovakia<\/td>\n<td><a href=\"https:\/\/www.mi-di.cz\/\" target=\"_blank\" rel=\"noopener\">Mirage<\/a> | <a href=\"https:\/\/www.hemplife.cz\/\" target=\"_blank\" rel=\"noopener\">Hemplife<\/a><\/td>\n<\/tr>\n<tr>\n<td>Tyskland<\/td>\n<td><a href=\"https:\/\/www.cbdomat.de\/\" target=\"_blank\" rel=\"noopener\">CBD-O-Mat<\/a><\/td>\n<\/tr>\n<tr>\n<td>Scandinavia<\/td>\n<td><a href=\"https:\/\/snushandel.se\/\" target=\"_blank\" rel=\"noopener\">Snushandel<\/a><\/td>\n<\/tr>\n<tr>\n<td>Schweiz<\/td>\n<td><a href=\"https:\/\/snushus.ch\/\" target=\"_blank\" rel=\"noopener\">Snushus.ch<\/a><\/td>\n<\/tr>\n<tr>\n<td>Storbritannien (UK)<\/td>\n<td><a href=\"https:\/\/www.snussie.com\/en\/brands\/cannadips\/\" target=\"_blank\" rel=\"noopener\">Snussie<\/a><\/td>\n<\/tr>\n<\/tbody>\n<\/table>\n\n\t\t<\/div>\n\t<\/div><\/div><\/div><\/div><\/div><\/div><\/div>\n<\/div>","protected":false},"excerpt":{"rendered":"Cannadips CBD Store locator Find the closest store with Cannadips near you. Currently available only to the Czech Republic, Estonia, and selected stores in Switzerland. Our products are also available...","protected":false},"author":1,"featured_media":448,"parent":0,"menu_order":0,"comment_status":"closed","ping_status":"closed","template":"","meta":{"footnotes":""},"class_list":["post-6608","page","type-page","status-publish","has-post-thumbnail","hentry"],"yoast_head":"<!-- This site is optimized with the Yoast SEO plugin v24.1 - https:\/\/yoast.com\/wordpress\/plugins\/seo\/ -->\n<title>Store Locator | CBD Infused Pouches | Cannadips Europe<\/title>\n<meta name=\"description\" content=\"Looking for a physical store that sells Cannadips CBD infused pouches? Put in your address and we&#039;ll help to locate the closest store near you!\" \/>\n<meta name=\"robots\" content=\"index, follow, max-snippet:-1, max-image-preview:large, max-video-preview:-1\" \/>\n<link rel=\"canonical\" href=\"https:\/\/www.cannadips.eu\/sv\/hitta-din-butik\/\" \/>\n<meta property=\"og:locale\" content=\"sv_SE\" \/>\n<meta property=\"og:type\" content=\"article\" \/>\n<meta property=\"og:title\" content=\"Store Locator | CBD Infused Pouches | Cannadips Europe\" \/>\n<meta property=\"og:description\" content=\"Looking for a physical store that sells Cannadips CBD infused pouches? Put in your address and we&#039;ll help to locate the closest store near you!\" \/>\n<meta property=\"og:url\" content=\"https:\/\/www.cannadips.eu\/sv\/hitta-din-butik\/\" \/>\n<meta property=\"og:site_name\" content=\"Cannadips Europe\" \/>\n<meta property=\"article:modified_time\" content=\"2026-02-23T07:37:19+00:00\" \/>\n<meta property=\"og:image\" content=\"https:\/\/www.cannadips.eu\/wp-content\/uploads\/Cannadips-CBD-Hemp-Pouch.jpg\" \/>\n\t<meta property=\"og:image:width\" content=\"1824\" \/>\n\t<meta property=\"og:image:height\" content=\"956\" \/>\n\t<meta property=\"og:image:type\" content=\"image\/jpeg\" \/>\n<meta name=\"twitter:card\" content=\"summary_large_image\" \/>\n<meta name=\"twitter:image\" content=\"https:\/\/www.cannadips.eu\/wp-content\/uploads\/Cannadips-CBD-Hemp-Pouch.jpg\" \/>\n<meta name=\"twitter:label1\" content=\"Ber\u00e4knad l\u00e4stid\" \/>\n\t<meta name=\"twitter:data1\" content=\"1 minut\" \/>\n<script type=\"application\/ld+json\" class=\"yoast-schema-graph\">{\"@context\":\"https:\/\/schema.org\",\"@graph\":[{\"@type\":\"WebPage\",\"@id\":\"https:\/\/www.cannadips.eu\/store-locator\/\",\"url\":\"https:\/\/www.cannadips.eu\/store-locator\/\",\"name\":\"Store Locator | CBD Infused Pouches | Cannadips Europe\",\"isPartOf\":{\"@id\":\"https:\/\/www.cannadips.eu\/#website\"},\"primaryImageOfPage\":{\"@id\":\"https:\/\/www.cannadips.eu\/store-locator\/#primaryimage\"},\"image\":{\"@id\":\"https:\/\/www.cannadips.eu\/store-locator\/#primaryimage\"},\"thumbnailUrl\":\"https:\/\/www.cannadips.eu\/wp-content\/uploads\/cannadips-girl-looking-at-citrus-can.jpg\",\"datePublished\":\"2019-09-27T03:08:00+00:00\",\"dateModified\":\"2026-02-23T07:37:19+00:00\",\"description\":\"Looking for a physical store that sells Cannadips CBD infused pouches? Put in your address and we'll help to locate the closest store near you!\",\"breadcrumb\":{\"@id\":\"https:\/\/www.cannadips.eu\/store-locator\/#breadcrumb\"},\"inLanguage\":\"sv-SE\",\"potentialAction\":[{\"@type\":\"ReadAction\",\"target\":[\"https:\/\/www.cannadips.eu\/store-locator\/\"]}]},{\"@type\":\"ImageObject\",\"inLanguage\":\"sv-SE\",\"@id\":\"https:\/\/www.cannadips.eu\/store-locator\/#primaryimage\",\"url\":\"https:\/\/www.cannadips.eu\/wp-content\/uploads\/cannadips-girl-looking-at-citrus-can.jpg\",\"contentUrl\":\"https:\/\/www.cannadips.eu\/wp-content\/uploads\/cannadips-girl-looking-at-citrus-can.jpg\",\"width\":1280,\"height\":800,\"caption\":\"Cannadips CBD - CBD Infused in-mouth pouches. Tangy Citrus.\"},{\"@type\":\"BreadcrumbList\",\"@id\":\"https:\/\/www.cannadips.eu\/store-locator\/#breadcrumb\",\"itemListElement\":[{\"@type\":\"ListItem\",\"position\":1,\"name\":\"Home\",\"item\":\"https:\/\/www.cannadips.eu\/\"},{\"@type\":\"ListItem\",\"position\":2,\"name\":\"Store Locator\"}]},{\"@type\":\"WebSite\",\"@id\":\"https:\/\/www.cannadips.eu\/#website\",\"url\":\"https:\/\/www.cannadips.eu\/\",\"name\":\"Cannadips Europe\",\"description\":\"CBD Infused Pouches. All Natural. Discreet. Fast-Acting.\",\"potentialAction\":[{\"@type\":\"SearchAction\",\"target\":{\"@type\":\"EntryPoint\",\"urlTemplate\":\"https:\/\/www.cannadips.eu\/?s={search_term_string}\"},\"query-input\":{\"@type\":\"PropertyValueSpecification\",\"valueRequired\":true,\"valueName\":\"search_term_string\"}}],\"inLanguage\":\"sv-SE\"}]}<\/script>\n<!-- \/ Yoast SEO plugin. -->","yoast_head_json":{"title":"Store Locator | CBD Infused Pouches | Cannadips Europe","description":"Looking for a physical store that sells Cannadips CBD infused pouches? Put in your address and we'll help to locate the closest store near you!","robots":{"index":"index","follow":"follow","max-snippet":"max-snippet:-1","max-image-preview":"max-image-preview:large","max-video-preview":"max-video-preview:-1"},"canonical":"https:\/\/www.cannadips.eu\/sv\/hitta-din-butik\/","og_locale":"sv_SE","og_type":"article","og_title":"Store Locator | CBD Infused Pouches | Cannadips Europe","og_description":"Looking for a physical store that sells Cannadips CBD infused pouches? Put in your address and we'll help to locate the closest store near you!","og_url":"https:\/\/www.cannadips.eu\/sv\/hitta-din-butik\/","og_site_name":"Cannadips Europe","article_modified_time":"2026-02-23T07:37:19+00:00","og_image":[{"width":1824,"height":956,"url":"https:\/\/www.cannadips.eu\/wp-content\/uploads\/Cannadips-CBD-Hemp-Pouch.jpg","type":"image\/jpeg"}],"twitter_card":"summary_large_image","twitter_image":"https:\/\/www.cannadips.eu\/wp-content\/uploads\/Cannadips-CBD-Hemp-Pouch.jpg","twitter_misc":{"Ber\u00e4knad l\u00e4stid":"1 minut"},"schema":{"@context":"https:\/\/schema.org","@graph":[{"@type":"WebPage","@id":"https:\/\/www.cannadips.eu\/store-locator\/","url":"https:\/\/www.cannadips.eu\/store-locator\/","name":"Store Locator | CBD Infused Pouches | Cannadips Europe","isPartOf":{"@id":"https:\/\/www.cannadips.eu\/#website"},"primaryImageOfPage":{"@id":"https:\/\/www.cannadips.eu\/store-locator\/#primaryimage"},"image":{"@id":"https:\/\/www.cannadips.eu\/store-locator\/#primaryimage"},"thumbnailUrl":"https:\/\/www.cannadips.eu\/wp-content\/uploads\/cannadips-girl-looking-at-citrus-can.jpg","datePublished":"2019-09-27T03:08:00+00:00","dateModified":"2026-02-23T07:37:19+00:00","description":"Looking for a physical store that sells Cannadips CBD infused pouches? Put in your address and we'll help to locate the closest store near you!","breadcrumb":{"@id":"https:\/\/www.cannadips.eu\/store-locator\/#breadcrumb"},"inLanguage":"sv-SE","potentialAction":[{"@type":"ReadAction","target":["https:\/\/www.cannadips.eu\/store-locator\/"]}]},{"@type":"ImageObject","inLanguage":"sv-SE","@id":"https:\/\/www.cannadips.eu\/store-locator\/#primaryimage","url":"https:\/\/www.cannadips.eu\/wp-content\/uploads\/cannadips-girl-looking-at-citrus-can.jpg","contentUrl":"https:\/\/www.cannadips.eu\/wp-content\/uploads\/cannadips-girl-looking-at-citrus-can.jpg","width":1280,"height":800,"caption":"Cannadips CBD - CBD Infused in-mouth pouches. Tangy Citrus."},{"@type":"BreadcrumbList","@id":"https:\/\/www.cannadips.eu\/store-locator\/#breadcrumb","itemListElement":[{"@type":"ListItem","position":1,"name":"Home","item":"https:\/\/www.cannadips.eu\/"},{"@type":"ListItem","position":2,"name":"Store Locator"}]},{"@type":"WebSite","@id":"https:\/\/www.cannadips.eu\/#website","url":"https:\/\/www.cannadips.eu\/","name":"Cannadips Europe","description":"CBD Infused Pouches. All Natural. Discreet. Fast-Acting.","potentialAction":[{"@type":"SearchAction","target":{"@type":"EntryPoint","urlTemplate":"https:\/\/www.cannadips.eu\/?s={search_term_string}"},"query-input":{"@type":"PropertyValueSpecification","valueRequired":true,"valueName":"search_term_string"}}],"inLanguage":"sv-SE"}]}},"_links":{"self":[{"href":"https:\/\/www.cannadips.eu\/sv\/wp-json\/wp\/v2\/pages\/6608","targetHints":{"allow":["GET"]}}],"collection":[{"href":"https:\/\/www.cannadips.eu\/sv\/wp-json\/wp\/v2\/pages"}],"about":[{"href":"https:\/\/www.cannadips.eu\/sv\/wp-json\/wp\/v2\/types\/page"}],"author":[{"embeddable":true,"href":"https:\/\/www.cannadips.eu\/sv\/wp-json\/wp\/v2\/users\/1"}],"replies":[{"embeddable":true,"href":"https:\/\/www.cannadips.eu\/sv\/wp-json\/wp\/v2\/comments?post=6608"}],"version-history":[{"count":2,"href":"https:\/\/www.cannadips.eu\/sv\/wp-json\/wp\/v2\/pages\/6608\/revisions"}],"predecessor-version":[{"id":41796,"href":"https:\/\/www.cannadips.eu\/sv\/wp-json\/wp\/v2\/pages\/6608\/revisions\/41796"}],"wp:featuredmedia":[{"embeddable":true,"href":"https:\/\/www.cannadips.eu\/sv\/wp-json\/wp\/v2\/media\/448"}],"wp:attachment":[{"href":"https:\/\/www.cannadips.eu\/sv\/wp-json\/wp\/v2\/media?parent=6608"}],"curies":[{"name":"wp","href":"https:\/\/api.w.org\/{rel}","templated":true}]}}