{"id":365,"date":"2016-03-30T13:53:00","date_gmt":"2016-03-30T13:53:00","guid":{"rendered":"http:\/\/bridge16.qodeinteractive.com\/?page_id=365"},"modified":"2025-04-30T11:59:20","modified_gmt":"2025-04-30T09:59:20","slug":"contact-us","status":"publish","type":"page","link":"https:\/\/www.cannadips.eu\/sv\/kontakta-oss\/","title":{"rendered":"Kontakta oss"},"content":{"rendered":"<div class=\"wpb-content-wrapper\"><div      class=\"vc_row wpb_row section vc_row-fluid  cf7-light tidio-cf bs-ignore\" style=' text-align:left;'><div class=\"full_section_inner clearfix\"><div class=\"wpb_column vc_column_container vc_col-sm-12\"><div class=\"vc_column-inner\"><div class=\"wpb_wrapper\">\n\t\t\t\t<p class=\"rs-p-wp-fix\"><\/p>\n\t\t\t\t<sr7-module data-alias=\"contact\" data-id=\"56\" id=\"SR7_56_1\" class=\"rs-ov-hidden\" data-version=\"6.7.21\">\n\t\t\t\t\t<sr7-adjuster><\/sr7-adjuster>\n\t\t\t\t\t<sr7-content>\n\t\t\t\t\t\t<sr7-slide id=\"SR7_56_1-36\" data-key=\"36\">\n\t\t\t\t\t\t\t<sr7-bg id=\"SR7_56_1-36-15\" class=\"sr7-layer\"><noscript><img decoding=\"async\" src=\"https:\/\/www.cannadips.eu\/wp-content\/uploads\/Cannadips-American-Spice-Contact-Us-50mg-scaled-1.jpg\" alt=\"\" title=\"Cannadips-American-Spice-Contact-Us-50mg-scaled\"><\/noscript><\/sr7-bg>\n\t\t\t\t\t\t\t<sr7-txt id=\"SR7_56_1-36-2\" class=\"sr7-layer\">HAR DU FR\u00c5GOR? ST\u00c4LL DEM!<\/sr7-txt>\n\t\t\t\t\t\t\t<sr7-txt id=\"SR7_56_1-36-13\" class=\"sr7-layer\">VAR INTE<br \/>\nBLYG<\/sr7-txt>\n\t\t\t\t\t\t<\/sr7-slide>\n\t\t\t\t\t\t<sr7-slide id=\"SR7_56_1-297\" data-key=\"297\">\n\t\t\t\t\t\t<\/sr7-slide>\n\t\t\t\t\t<\/sr7-content>\n\t\t\t\t\t<image_lists style=\"display:none\">\n\t\t\t\t\t\t<img data-src=\"\/\/www.cannadips.eu\/wp-content\/uploads\/Cannadips-American-Spice-Contact-Us-50mg-scaled-1.jpg\" data-libid=\"40054\" data-lib=\"medialibrary\" title=\"Cannadips-American-Spice-Contact-Us-50mg-scaled\" width=\"0\" height=\"0\" data-dbsrc=\"Ly93d3cuY2FubmFkaXBzLmV1L3dwLWNvbnRlbnQvdXBsb2Fkcy9DYW5uYWRpcHMtQW1lcmljYW4tU3BpY2UtQ29udGFjdC1Vcy01MG1nLXNjYWxlZC0xLmpwZw==\"\/>\n\t\t\t\t\t<\/image_lists>\n\t\t\t\t<\/sr7-module>\n\t\t\t\t<script>\n\t\t\t\t\tSR7.PMH ??={}; SR7.PMH[\"SR7_56_1\"] = {cn:0,state:false,fn: function() { if (_tpt!==undefined && _tpt.prepareModuleHeight !== undefined) {  _tpt.prepareModuleHeight({id:\"SR7_56_1\",el:[900,900,768,960,720],type:'hero',shdw:'0',gh:[900,900,768,960,720],gw:[1240,1240,1024,778,480],vpt:['-100px&#039;,&#039;-100px&#039;,&#039;-100px&#039;,&#039;-100px&#039;,&#039;-100px'],size:{fullWidth:true, fullHeight:true},fho:'',mh:'0',onh:0,onw:0,bg:{color:'{\"orig\":\"transparent\",\"type\":\"solid\",\"string\":\"transparent\"}'}});   SR7.PMH[\"SR7_56_1\"].state=true;} else if((SR7.PMH[\"SR7_56_1\"].cn++)<100)\tsetTimeout( SR7.PMH[\"SR7_56_1\"].fn,19);}};SR7.PMH[\"SR7_56_1\" ].fn();\n\t\t\t\t<\/script>\n\n\t\t\t\t<p class=\"rs-p-wp-fix\"><\/p>\n\t\t\t\t<sr7-module data-alias=\"contact-form\" data-id=\"68\" id=\"SR7_68_2\" class=\"rs-ov-hidden\" data-version=\"6.7.21\">\n\t\t\t\t\t<sr7-adjuster><\/sr7-adjuster>\n\t\t\t\t\t<sr7-content>\n\t\t\t\t\t\t<sr7-slide id=\"SR7_68_2-50\" data-key=\"50\">\n\t\t\t\t\t\t\t<sr7-txt id=\"SR7_68_2-50-2\" class=\"sr7-layer\">KONTAKTA OSS<\/sr7-txt>\n\t\t\t\t\t\t\t<sr7-txt id=\"SR7_68_2-50-10\" class=\"sr7-layer\">\n<div class=\"wpcf7 no-js\" id=\"wpcf7-f367-o1\" lang=\"en-US\" dir=\"ltr\" data-wpcf7-id=\"367\">\n<div class=\"screen-reader-response\"><p role=\"status\" aria-live=\"polite\" aria-atomic=\"true\"><\/p> <ul><\/ul><\/div>\n<form action=\"\/wp-json\/wp\/v2\/pages\/365\" method=\"post\" class=\"wpcf7-form init\" aria-label=\"Contact form\" novalidate=\"novalidate\" data-status=\"init\" data-trp-original-action=\"\/sv\/wp-json\/wp\/v2\/pages\/365#wpcf7-f367-o1\">\n<div style=\"display: none;\">\n<input type=\"hidden\" name=\"_wpcf7\" value=\"367\" \/>\n<input type=\"hidden\" name=\"_wpcf7_version\" value=\"6.0.6\" \/>\n<input type=\"hidden\" name=\"_wpcf7_locale\" value=\"en_US\" \/>\n<input type=\"hidden\" name=\"_wpcf7_unit_tag\" value=\"wpcf7-f367-o1\" \/>\n<input type=\"hidden\" name=\"_wpcf7_container_post\" value=\"0\" \/>\n<input type=\"hidden\" name=\"_wpcf7_posted_data_hash\" value=\"\" \/>\n<input type=\"hidden\" name=\"_wpcf7cf_hidden_group_fields\" value=\"[]\" \/>\n<input type=\"hidden\" name=\"_wpcf7cf_hidden_groups\" value=\"[]\" \/>\n<input type=\"hidden\" name=\"_wpcf7cf_visible_groups\" value=\"[]\" \/>\n<input type=\"hidden\" name=\"_wpcf7cf_repeaters\" value=\"[]\" \/>\n<input type=\"hidden\" name=\"_wpcf7cf_steps\" value=\"{}\" \/>\n<input type=\"hidden\" name=\"_wpcf7cf_options\" value=\"{&quot;form_id&quot;:367,&quot;conditions&quot;:[],&quot;settings&quot;:{&quot;animation&quot;:&quot;yes&quot;,&quot;animation_intime&quot;:200,&quot;animation_outtime&quot;:200,&quot;conditions_ui&quot;:&quot;normal&quot;,&quot;notice_dismissed&quot;:false}}\" \/>\n<input type=\"hidden\" name=\"_wpcf7_recaptcha_response\" value=\"\" \/>\n<\/div>\n<p><span class=\"wpcf7-form-control-wrap\" data-name=\"email\"><input size=\"40\" maxlength=\"400\" class=\"wpcf7-form-control wpcf7-email wpcf7-validates-as-required wpcf7-text wpcf7-validates-as-email\" aria-required=\"true\" aria-invalid=\"false\" placeholder=\"E-post*\" value=\"\" type=\"email\" name=\"email\" \/><\/span>\n<\/p>\n<p><span class=\"wpcf7-form-control-wrap\" data-name=\"full-name\"><input size=\"40\" maxlength=\"400\" class=\"wpcf7-form-control wpcf7-text wpcf7-validates-as-required\" aria-required=\"true\" aria-invalid=\"false\" placeholder=\"FULLST\u00c4NDIGT NAMN*\" value=\"\" type=\"text\" name=\"full-name\" \/><\/span>\n<\/p>\n<h3>HUR KAN VI HJ\u00c4LPA DIG?\n<\/h3>\n<p><span class=\"wpcf7-form-control-wrap\" data-name=\"inquiry-type\"><select class=\"wpcf7-form-control wpcf7-select wpcf7-validates-as-required\" aria-required=\"true\" aria-invalid=\"false\" name=\"inquiry-type\"><option value=\"General Inquiry\">Allm\u00e4n f\u00f6rfr\u00e5gan<\/option><option value=\"Product\">Produkt<\/option><option value=\"Shipping\">FRAKT<\/option><option value=\"Refunds\">\u00e5terbetalning<\/option><\/select><\/span>\n<\/p>\n<p><span class=\"wpcf7-form-control-wrap\" data-name=\"message\"><textarea cols=\"40\" rows=\"10\" maxlength=\"2000\" class=\"wpcf7-form-control wpcf7-textarea wpcf7-validates-as-required\" aria-required=\"true\" aria-invalid=\"false\" placeholder=\"MEDDELANDE*\" name=\"message\"><\/textarea><\/span>\n<\/p>\n<p><input class=\"wpcf7-form-control wpcf7-submit has-spinner\" type=\"submit\" value=\"SKICKA\" \/>\n<\/p><div class=\"wpcf7-response-output\" aria-hidden=\"true\"><\/div>\n<input type=\"hidden\" name=\"trp-form-language\" value=\"sv\"\/><\/form>\n<\/div>\n<\/sr7-txt>\n\t\t\t\t\t\t\t<sr7-txt id=\"SR7_68_2-50-12\" class=\"sr7-layer\">E-POSTADRESS<\/sr7-txt>\n\t\t\t\t\t\t\t<sr7-txt id=\"SR7_68_2-50-14\" class=\"sr7-layer\">Florettgatan 33<br \/>\n254 67 Helsingborg, Sweden<\/sr7-txt>\n\t\t\t\t\t\t\t<sr7-txt id=\"SR7_68_2-50-15\" class=\"sr7-layer\">SOCIALA MEDIER<\/sr7-txt>\n\t\t\t\t\t\t\t<sr7-txt id=\"SR7_68_2-50-22\" class=\"sr7-layer\">Allm\u00e4n<br>hello@cannadips.eu<\/sr7-txt>\n\t\t\t\t\t\t\t<a id=\"SR7_68_2-50-24\" class=\"sr7-layer\" href=\"https:\/\/www.facebook.com\/cannadipseu\" target=\"_blank\" rel=\"nofollow noopener\"><i class=\"fa-facebook-f\"><\/i><\/a>\n\t\t\t\t\t\t\t<a id=\"SR7_68_2-50-26\" class=\"sr7-layer\" href=\"https:\/\/www.instagram.com\/cannadipseu\" target=\"_blank\" rel=\"nofollow noopener\"><i class=\"fa-instagram\"><\/i><\/a>\n\t\t\t\t\t\t\t<sr7-txt id=\"SR7_68_2-50-27\" class=\"sr7-layer\">E-post<\/sr7-txt>\n\t\t\t\t\t\t\t<sr7-txt id=\"SR7_68_2-50-28\" class=\"sr7-layer\">Order<br>order@cannadips.eu<\/sr7-txt>\n\t\t\t\t\t\t<\/sr7-slide>\n\t\t\t\t\t\t<sr7-slide id=\"SR7_68_2-307\" data-key=\"307\">\n\t\t\t\t\t\t<\/sr7-slide>\n\t\t\t\t\t<\/sr7-content>\n\t\t\t\t\t<image_lists style=\"display:none\">\n\t\t\t\t\t\t<img data-src=\"\/\/cannadips.eu\/wp-content\/uploads\/cannadips-logo-dark-600.png\" data-libid=\"429\" alt=\"Cannadips-logotyp - CBD-infusionss\u00e4ckar i munnen.\" title=\"cannadips-logo-dark-600\" width=\"0\" height=\"0\" data-dbsrc=\"Ly9jYW5uYWRpcHMuZXUvd3AtY29udGVudC91cGxvYWRzL2Nhbm5hZGlwcy1sb2dvLWRhcmstNjAwLnBuZw==\"\/>\n\t\t\t\t\t<\/image_lists>\n\t\t\t\t<\/sr7-module>\n\t\t\t\t<script>\n\t\t\t\t\tSR7.PMH ??={}; SR7.PMH[\"SR7_68_2\"] = {cn:0,state:false,fn: function() { if (_tpt!==undefined && _tpt.prepareModuleHeight !== undefined) {  _tpt.prepareModuleHeight({id:\"SR7_68_2\",el:[900,900,768,960,720],type:'hero',shdw:'0',gh:[900,900,768,960,720],gw:[1240,1240,1024,778,480],vpt:['-100px&#039;,&#039;-100px&#039;,&#039;-100px&#039;,&#039;-100px&#039;,&#039;-100px'],size:{fullWidth:true, fullHeight:true},fho:'',mh:'0',onh:0,onw:0,bg:{color:'{\"type\":\"solid\",\"orig\":\"#1b1f23\",\"string\":\"rgba(27, 31, 35, 1)\"}'}});   SR7.PMH[\"SR7_68_2\"].state=true;} else if((SR7.PMH[\"SR7_68_2\"].cn++)<100)\tsetTimeout( SR7.PMH[\"SR7_68_2\"].fn,19);}};SR7.PMH[\"SR7_68_2\" ].fn();\n\t\t\t\t<\/script>\n<\/div><\/div><\/div><\/div><\/div>\n<\/div>","protected":false},"excerpt":{"rendered":"Have questions? Ask Away! Don't Be Shy Drop us a line What Can We Help You With? General InquiryProductShippingRefunds Mailing Address Florettgatan 33 254 67 Helsingborg, Sweden Social Generalhello@cannadips.eu Emails...","protected":false},"author":1,"featured_media":0,"parent":0,"menu_order":0,"comment_status":"closed","ping_status":"closed","template":"full_width.php","meta":{"footnotes":""},"class_list":["post-365","page","type-page","status-publish","hentry"],"yoast_head":"<!-- This site is optimized with the Yoast SEO plugin v24.1 - https:\/\/yoast.com\/wordpress\/plugins\/seo\/ -->\n<title>Contact Us | CBD Infused Pouches | Cannadips Europe<\/title>\n<meta name=\"description\" content=\"Have questions regarding CBD infused pouches? Contact Cannadips Europe at any time and your inquiries will be promptly answered!\" \/>\n<meta name=\"robots\" content=\"index, follow, max-snippet:-1, max-image-preview:large, max-video-preview:-1\" \/>\n<link rel=\"canonical\" href=\"https:\/\/www.cannadips.eu\/sv\/kontakta-oss\/\" \/>\n<meta property=\"og:locale\" content=\"sv_SE\" \/>\n<meta property=\"og:type\" content=\"article\" \/>\n<meta property=\"og:title\" content=\"Contact Us | CBD Infused Pouches | Cannadips Europe\" \/>\n<meta property=\"og:description\" content=\"Have questions regarding CBD infused pouches? Contact Cannadips Europe at any time and your inquiries will be promptly answered!\" \/>\n<meta property=\"og:url\" content=\"https:\/\/www.cannadips.eu\/sv\/kontakta-oss\/\" \/>\n<meta property=\"og:site_name\" content=\"Cannadips Europe\" \/>\n<meta property=\"article:modified_time\" content=\"2025-04-30T09:59:20+00:00\" \/>\n<meta property=\"og:image\" content=\"https:\/\/www.cannadips.eu\/wp-content\/uploads\/Cannadips-CBD-Hemp-Pouch.jpg\" \/>\n\t<meta property=\"og:image:width\" content=\"1824\" \/>\n\t<meta property=\"og:image:height\" content=\"956\" \/>\n\t<meta property=\"og:image:type\" content=\"image\/jpeg\" \/>\n<meta name=\"twitter:card\" content=\"summary_large_image\" \/>\n<meta name=\"twitter:image\" content=\"https:\/\/www.cannadips.eu\/wp-content\/uploads\/Cannadips-CBD-Hemp-Pouch.jpg\" \/>\n<meta name=\"twitter:label1\" content=\"Ber\u00e4knad l\u00e4stid\" \/>\n\t<meta name=\"twitter:data1\" content=\"1 minut\" \/>\n<script type=\"application\/ld+json\" class=\"yoast-schema-graph\">{\"@context\":\"https:\/\/schema.org\",\"@graph\":[{\"@type\":\"WebPage\",\"@id\":\"https:\/\/www.cannadips.eu\/sv\/kontakta-oss\/\",\"url\":\"https:\/\/www.cannadips.eu\/sv\/kontakta-oss\/\",\"name\":\"Contact Us | CBD Infused Pouches | Cannadips Europe\",\"isPartOf\":{\"@id\":\"https:\/\/www.cannadips.eu\/sv\/#website\"},\"datePublished\":\"2016-03-30T13:53:00+00:00\",\"dateModified\":\"2025-04-30T09:59:20+00:00\",\"description\":\"Have questions regarding CBD infused pouches? Contact Cannadips Europe at any time and your inquiries will be promptly answered!\",\"breadcrumb\":{\"@id\":\"https:\/\/www.cannadips.eu\/sv\/kontakta-oss\/#breadcrumb\"},\"inLanguage\":\"sv-SE\",\"potentialAction\":[{\"@type\":\"ReadAction\",\"target\":[\"https:\/\/www.cannadips.eu\/sv\/kontakta-oss\/\"]}]},{\"@type\":\"BreadcrumbList\",\"@id\":\"https:\/\/www.cannadips.eu\/sv\/kontakta-oss\/#breadcrumb\",\"itemListElement\":[{\"@type\":\"ListItem\",\"position\":1,\"name\":\"Home\",\"item\":\"https:\/\/www.cannadips.eu\/\"},{\"@type\":\"ListItem\",\"position\":2,\"name\":\"Contact Us\"}]},{\"@type\":\"WebSite\",\"@id\":\"https:\/\/www.cannadips.eu\/sv\/#website\",\"url\":\"https:\/\/www.cannadips.eu\/sv\/\",\"name\":\"Cannadips Europe\",\"description\":\"CBD Infused Pouches. All Natural. Discreet. Fast-Acting.\",\"potentialAction\":[{\"@type\":\"SearchAction\",\"target\":{\"@type\":\"EntryPoint\",\"urlTemplate\":\"https:\/\/www.cannadips.eu\/sv\/?s={search_term_string}\"},\"query-input\":{\"@type\":\"PropertyValueSpecification\",\"valueRequired\":true,\"valueName\":\"search_term_string\"}}],\"inLanguage\":\"sv-SE\"}]}<\/script>\n<!-- \/ Yoast SEO plugin. -->","yoast_head_json":{"title":"Contact Us | CBD Infused Pouches | Cannadips Europe","description":"Have questions regarding CBD infused pouches? Contact Cannadips Europe at any time and your inquiries will be promptly answered!","robots":{"index":"index","follow":"follow","max-snippet":"max-snippet:-1","max-image-preview":"max-image-preview:large","max-video-preview":"max-video-preview:-1"},"canonical":"https:\/\/www.cannadips.eu\/sv\/kontakta-oss\/","og_locale":"sv_SE","og_type":"article","og_title":"Contact Us | CBD Infused Pouches | Cannadips Europe","og_description":"Have questions regarding CBD infused pouches? Contact Cannadips Europe at any time and your inquiries will be promptly answered!","og_url":"https:\/\/www.cannadips.eu\/sv\/kontakta-oss\/","og_site_name":"Cannadips Europe","article_modified_time":"2025-04-30T09:59:20+00:00","og_image":[{"width":1824,"height":956,"url":"https:\/\/www.cannadips.eu\/wp-content\/uploads\/Cannadips-CBD-Hemp-Pouch.jpg","type":"image\/jpeg"}],"twitter_card":"summary_large_image","twitter_image":"https:\/\/www.cannadips.eu\/wp-content\/uploads\/Cannadips-CBD-Hemp-Pouch.jpg","twitter_misc":{"Ber\u00e4knad l\u00e4stid":"1 minut"},"schema":{"@context":"https:\/\/schema.org","@graph":[{"@type":"WebPage","@id":"https:\/\/www.cannadips.eu\/sv\/kontakta-oss\/","url":"https:\/\/www.cannadips.eu\/sv\/kontakta-oss\/","name":"Contact Us | CBD Infused Pouches | Cannadips Europe","isPartOf":{"@id":"https:\/\/www.cannadips.eu\/sv\/#website"},"datePublished":"2016-03-30T13:53:00+00:00","dateModified":"2025-04-30T09:59:20+00:00","description":"Have questions regarding CBD infused pouches? Contact Cannadips Europe at any time and your inquiries will be promptly answered!","breadcrumb":{"@id":"https:\/\/www.cannadips.eu\/sv\/kontakta-oss\/#breadcrumb"},"inLanguage":"sv-SE","potentialAction":[{"@type":"ReadAction","target":["https:\/\/www.cannadips.eu\/sv\/kontakta-oss\/"]}]},{"@type":"BreadcrumbList","@id":"https:\/\/www.cannadips.eu\/sv\/kontakta-oss\/#breadcrumb","itemListElement":[{"@type":"ListItem","position":1,"name":"Home","item":"https:\/\/www.cannadips.eu\/"},{"@type":"ListItem","position":2,"name":"Contact Us"}]},{"@type":"WebSite","@id":"https:\/\/www.cannadips.eu\/sv\/#website","url":"https:\/\/www.cannadips.eu\/sv\/","name":"Cannadips Europe","description":"CBD Infused Pouches. All Natural. Discreet. Fast-Acting.","potentialAction":[{"@type":"SearchAction","target":{"@type":"EntryPoint","urlTemplate":"https:\/\/www.cannadips.eu\/sv\/?s={search_term_string}"},"query-input":{"@type":"PropertyValueSpecification","valueRequired":true,"valueName":"search_term_string"}}],"inLanguage":"sv-SE"}]}},"_links":{"self":[{"href":"https:\/\/www.cannadips.eu\/sv\/wp-json\/wp\/v2\/pages\/365","targetHints":{"allow":["GET"]}}],"collection":[{"href":"https:\/\/www.cannadips.eu\/sv\/wp-json\/wp\/v2\/pages"}],"about":[{"href":"https:\/\/www.cannadips.eu\/sv\/wp-json\/wp\/v2\/types\/page"}],"author":[{"embeddable":true,"href":"https:\/\/www.cannadips.eu\/sv\/wp-json\/wp\/v2\/users\/1"}],"replies":[{"embeddable":true,"href":"https:\/\/www.cannadips.eu\/sv\/wp-json\/wp\/v2\/comments?post=365"}],"version-history":[{"count":1,"href":"https:\/\/www.cannadips.eu\/sv\/wp-json\/wp\/v2\/pages\/365\/revisions"}],"predecessor-version":[{"id":41637,"href":"https:\/\/www.cannadips.eu\/sv\/wp-json\/wp\/v2\/pages\/365\/revisions\/41637"}],"wp:attachment":[{"href":"https:\/\/www.cannadips.eu\/sv\/wp-json\/wp\/v2\/media?parent=365"}],"curies":[{"name":"wp","href":"https:\/\/api.w.org\/{rel}","templated":true}]}}