{"id":21123,"date":"2020-11-25T09:22:59","date_gmt":"2020-11-25T07:22:59","guid":{"rendered":"http:\/\/www.cannadips.eu\/?page_id=21123"},"modified":"2025-09-29T15:26:30","modified_gmt":"2025-09-29T13:26:30","slug":"buying-cannadips-cbd-elsewhere","status":"publish","type":"page","link":"https:\/\/www.cannadips.eu\/sv\/kop-cannadips-cbd-nagon-annanstans\/","title":{"rendered":"Buying Cannadips CBD Elsewhere"},"content":{"rendered":"<div class=\"wpb-content-wrapper\"><div id=\"swiss-contact\"     class=\"vc_row wpb_row section vc_row-fluid  cf7-light tidio-cf bs-ignore\" style=' text-align:left;'><div class=\"full_section_inner clearfix\"><div class=\"wpb_column vc_column_container vc_col-sm-12\"><div class=\"vc_column-inner\"><div class=\"wpb_wrapper\">\n\t\t\t\t<p class=\"rs-p-wp-fix\"><\/p>\n\t\t\t\t<sr7-module data-alias=\"buy-elsewhere\" data-id=\"119\" id=\"SR7_119_1\" class=\"rs-ov-hidden\" data-version=\"6.7.21\">\n\t\t\t\t\t<sr7-adjuster><\/sr7-adjuster>\n\t\t\t\t\t<sr7-content>\n\t\t\t\t\t\t<sr7-slide id=\"SR7_119_1-123\" data-key=\"123\">\n\t\t\t\t\t\t\t<sr7-bg id=\"SR7_119_1-123-15\" class=\"sr7-layer\"><noscript><img decoding=\"async\" src=\"https:\/\/www.cannadips.eu\/wp-content\/uploads\/Cannadips-American-Spice-Buying-Elsewhere-50mg-scaled-1.jpg\" alt=\"\" title=\"Cannadips-American-Spice-Buying-Elsewhere-50mg-scaled\"><\/noscript><\/sr7-bg>\n\t\t\t\t\t\t\t<sr7-txt id=\"SR7_119_1-123-2\" class=\"sr7-layer\"><\/sr7-txt>\n\t\t\t\t\t\t\t<sr7-txt id=\"SR7_119_1-123-13\" class=\"sr7-layer\">Find retailes<\/sr7-txt>\n\t\t\t\t\t\t<\/sr7-slide>\n\t\t\t\t\t\t<sr7-slide id=\"SR7_119_1-342\" data-key=\"342\">\n\t\t\t\t\t\t<\/sr7-slide>\n\t\t\t\t\t<\/sr7-content>\n\t\t\t\t\t<image_lists style=\"display:none\">\n\t\t\t\t\t\t<img data-src=\"\/\/www.cannadips.eu\/wp-content\/uploads\/Cannadips-American-Spice-Buying-Elsewhere-50mg-scaled-1.jpg\" data-libid=\"40053\" data-lib=\"medialibrary\" title=\"Cannadips-American-Spice-Buying-Elsewhere-50mg-scaled\" width=\"0\" height=\"0\" data-dbsrc=\"Ly93d3cuY2FubmFkaXBzLmV1L3dwLWNvbnRlbnQvdXBsb2Fkcy9DYW5uYWRpcHMtQW1lcmljYW4tU3BpY2UtQnV5aW5nLUVsc2V3aGVyZS01MG1nLXNjYWxlZC0xLmpwZw==\"\/>\n\t\t\t\t\t<\/image_lists>\n\t\t\t\t<\/sr7-module>\n\t\t\t\t<script>\n\t\t\t\t\tSR7.PMH ??={}; SR7.PMH[\"SR7_119_1\"] = {cn:0,state:false,fn: function() { if (_tpt!==undefined && _tpt.prepareModuleHeight !== undefined) {  _tpt.prepareModuleHeight({id:\"SR7_119_1\",el:[900,900,768,960,720],type:'hero',shdw:'0',gh:[900,900,768,960,720],gw:[1240,1240,1024,778,480],vpt:['-200px&#039;,&#039;-200px&#039;,&#039;-200px&#039;,&#039;-200px&#039;,&#039;-200px'],size:{fullWidth:true, fullHeight:true},fho:'',mh:'0',onh:0,onw:0,bg:{color:'{\"orig\":\"transparent\",\"type\":\"solid\",\"string\":\"transparent\"}'}});   SR7.PMH[\"SR7_119_1\"].state=true;} else if((SR7.PMH[\"SR7_119_1\"].cn++)<100)\tsetTimeout( SR7.PMH[\"SR7_119_1\"].fn,19);}};SR7.PMH[\"SR7_119_1\" ].fn();\n\t\t\t\t<\/script>\n\n\t\t\t\t<p class=\"rs-p-wp-fix\"><\/p>\n\t\t\t\t<sr7-module data-alias=\"contact-form-elsewhere\" data-id=\"120\" id=\"SR7_120_2\" class=\"rs-ov-hidden\" data-version=\"6.7.21\">\n\t\t\t\t\t<sr7-adjuster><\/sr7-adjuster>\n\t\t\t\t\t<sr7-content>\n\t\t\t\t\t\t<sr7-slide id=\"SR7_120_2-124\" data-key=\"124\">\n\t\t\t\t\t\t\t<sr7-txt id=\"SR7_120_2-124-2\" class=\"sr7-layer\">Where to Buy Cannadips<\/sr7-txt>\n\t\t\t\t\t\t\t<sr7-txt id=\"SR7_120_2-124-12\" class=\"sr7-layer\">Varf\u00f6r skickar vi <br \/>\ninte till vissa l\u00e4nder<br \/>\ni Europa.<\/sr7-txt>\n\t\t\t\t\t\t\t<sr7-txt id=\"SR7_120_2-124-14\" class=\"sr7-layer\">P\u00e5 grund av regler skickar Cannadips Europe inte produkter till vissa l\u00e4nder. V\u00e5r Cannadips-distribut\u00f6r i vissa regioner b\u00f6r dock kunna hj\u00e4lpa ytterligare. S\u00e5 skicka ett meddelande till oss s\u00e5 pekar vi dig i r\u00e4tt riktning.<\/sr7-txt>\n\t\t\t\t\t\t\t<sr7-txt id=\"SR7_120_2-124-15\" class=\"sr7-layer\">SOCIALA MEDIER<\/sr7-txt>\n\t\t\t\t\t\t\t<sr7-txt id=\"SR7_120_2-124-19\" class=\"sr7-layer\">Tillg\u00e4ngliga l\u00e4nder<\/sr7-txt>\n\t\t\t\t\t\t\t<sr7-txt id=\"SR7_120_2-124-20\" class=\"sr7-layer\">Online<br \/>\nSnussie.com \u2013 EU & UK<br \/>\nSnushus.com \u2013 EU & Switzerland<br \/>\nMinprilla.se \u2013 Sweden<br \/>\nSnuset.se \u2013 Sweden<br \/>\nSnushandel.se \u2013 Sweden<br \/>\n<br \/>\nIn-store<br \/>\nAvailable at all Snus by Gottebiten shops in Norway. <\/sr7-txt>\n\t\t\t\t\t\t\t<sr7-txt id=\"SR7_120_2-124-21\" class=\"sr7-layer\"><a href=\"https:\/\/www.snussie.com\/en\/brands\/cannadips\/\" target=\"_blank\">Snussie \u2013 Cannadips (EU + UK)<\/a><br><br \/>\n<br \/>\n<a href=\"https:\/\/snushus.eu\/collections\/cannadips\" target=\"_blank\">Snushus \u2013 Cannadips (EU)<\/a><br><br \/>\n<br \/>\n<a href=\"https:\/\/snushus.ch\/collections\/cannadips\" target=\"_blank\">Snushus \u2013 Cannadips (Schweiz)<\/a><br><br \/>\n<br \/>\n<a href=\"https:\/\/minprilla.se\/varumarken\/cannadips\/\" target=\"_blank\">Min Prilla \u2013 Cannadips (Sverige)<\/a><br><br \/>\n<br \/>\n<a href=\"https:\/\/www.snuset.se\/cannadips\/\" target=\"_blank\">Snuset \u2013 Cannadips (Sverige)<\/a><br><br \/>\n<br \/>\n<a href=\"https:\/\/www.snushandel.se\/produkt-kategori\/varumarken\/cannadips_cbd\/\" target=\"_blank\">Snushandel \u2013 Cannadips (Sverige)<\/a><br><br \/>\n<\/sr7-txt>\n\t\t\t\t\t\t\t<sr7-txt id=\"SR7_120_2-124-24\" class=\"sr7-layer\"><i class=\"fa-facebook-f\"><\/i><\/sr7-txt>\n\t\t\t\t\t\t\t<sr7-txt id=\"SR7_120_2-124-25\" class=\"sr7-layer\">\u00d6VRIGA L\u00c4NDER<\/sr7-txt>\n\t\t\t\t\t\t\t<sr7-txt id=\"SR7_120_2-124-26\" class=\"sr7-layer\"><i class=\"fa-instagram\"><\/i><\/sr7-txt>\n\t\t\t\t\t\t\t<sr7-txt id=\"SR7_120_2-124-27\" class=\"sr7-layer\">CANNADIPS \u00c4R TYV\u00c4RR INTE TILLG\u00c4NGLIG I L\u00c4NDER SOM INTE LISTATS MEN VI KOMMER GIVETVIS H\u00c5LLA DIG UPPDATERAD VID F\u00d6R\u00c4NDRINGAR.<\/sr7-txt>\n\t\t\t\t\t\t<\/sr7-slide>\n\t\t\t\t\t\t<sr7-slide id=\"SR7_120_2-343\" data-key=\"343\">\n\t\t\t\t\t\t<\/sr7-slide>\n\t\t\t\t\t<\/sr7-content>\n\t\t\t\t\t<image_lists style=\"display:none\">\n\t\t\t\t\t\t<img data-src=\"\/\/www.cannadips.eu\/wp-content\/uploads\/cropped-Cannadips-logo-sticker-700x700-1.png\" data-libid=\"41624\" data-lib=\"medialibrary\" title=\"Cannadips-logo-sticker-700&#215;700\" width=\"0\" height=\"0\" data-dbsrc=\"Ly93d3cuY2FubmFkaXBzLmV1L3dwLWNvbnRlbnQvdXBsb2Fkcy9jcm9wcGVkLUNhbm5hZGlwcy1sb2dvLXN0aWNrZXItNzAweDcwMC0xLnBuZw==\"\/>\n\t\t\t\t\t<\/image_lists>\n\t\t\t\t<\/sr7-module>\n\t\t\t\t<script>\n\t\t\t\t\tSR7.PMH ??={}; SR7.PMH[\"SR7_120_2\"] = {cn:0,state:false,fn: function() { if (_tpt!==undefined && _tpt.prepareModuleHeight !== undefined) {  _tpt.prepareModuleHeight({id:\"SR7_120_2\",el:[1301,1301,768,960,870],type:'hero',shdw:'0',gh:[900,900,768,960,720],gw:[1240,1240,1024,778,480],vpt:['-200px&#039;,&#039;-200px&#039;,&#039;-200px&#039;,&#039;-200px&#039;,&#039;-200px'],size:{fullWidth:true, fullHeight:true},fho:'',mh:'0',onh:0,onw:0,bg:{color:'{\"type\":\"solid\",\"orig\":\"#1b1f23\",\"string\":\"rgba(27, 31, 35, 1)\"}'}});   SR7.PMH[\"SR7_120_2\"].state=true;} else if((SR7.PMH[\"SR7_120_2\"].cn++)<100)\tsetTimeout( SR7.PMH[\"SR7_120_2\"].fn,19);}};SR7.PMH[\"SR7_120_2\" ].fn();\n\t\t\t\t<\/script>\n<\/div><\/div><\/div><\/div><\/div>\n<\/div>","protected":false},"excerpt":{"rendered":"Find retailes Where to Buy Cannadips WHY DON'T WE SHIP TO CERTAIN COUNTRIES IN EUROPE? Due to regulations, Cannadips Europe do not ship products to certain countries. However, our Cannadips...","protected":false},"author":1,"featured_media":0,"parent":0,"menu_order":0,"comment_status":"closed","ping_status":"closed","template":"full_width.php","meta":{"footnotes":""},"class_list":["post-21123","page","type-page","status-publish","hentry"],"yoast_head":"<!-- This site is optimized with the Yoast SEO plugin v24.1 - https:\/\/yoast.com\/wordpress\/plugins\/seo\/ -->\n<title>Buying Cannadips CBD Elsewhere | Cannadips Europe<\/title>\n<meta name=\"robots\" content=\"index, follow, max-snippet:-1, max-image-preview:large, max-video-preview:-1\" \/>\n<link rel=\"canonical\" href=\"https:\/\/www.cannadips.eu\/sv\/kop-cannadips-cbd-nagon-annanstans\/\" \/>\n<meta property=\"og:locale\" content=\"sv_SE\" \/>\n<meta property=\"og:type\" content=\"article\" \/>\n<meta property=\"og:title\" content=\"Buying Cannadips CBD Elsewhere | Cannadips Europe\" \/>\n<meta property=\"og:url\" content=\"https:\/\/www.cannadips.eu\/sv\/kop-cannadips-cbd-nagon-annanstans\/\" \/>\n<meta property=\"og:site_name\" content=\"Cannadips Europe\" \/>\n<meta property=\"article:modified_time\" content=\"2025-09-29T13:26:30+00:00\" \/>\n<meta property=\"og:image\" content=\"https:\/\/www.cannadips.eu\/wp-content\/uploads\/Cannadips-CBD-Hemp-Pouch.jpg\" \/>\n\t<meta property=\"og:image:width\" content=\"1824\" \/>\n\t<meta property=\"og:image:height\" content=\"956\" \/>\n\t<meta property=\"og:image:type\" content=\"image\/jpeg\" \/>\n<meta name=\"twitter:card\" content=\"summary_large_image\" \/>\n<meta name=\"twitter:image\" content=\"https:\/\/www.cannadips.eu\/wp-content\/uploads\/Cannadips-CBD-Hemp-Pouch.jpg\" \/>\n<meta name=\"twitter:label1\" content=\"Ber\u00e4knad l\u00e4stid\" \/>\n\t<meta name=\"twitter:data1\" content=\"1 minut\" \/>\n<script type=\"application\/ld+json\" class=\"yoast-schema-graph\">{\"@context\":\"https:\/\/schema.org\",\"@graph\":[{\"@type\":\"WebPage\",\"@id\":\"https:\/\/www.cannadips.eu\/buying-cannadips-cbd-elsewhere\/\",\"url\":\"https:\/\/www.cannadips.eu\/buying-cannadips-cbd-elsewhere\/\",\"name\":\"Buying Cannadips CBD Elsewhere | Cannadips Europe\",\"isPartOf\":{\"@id\":\"https:\/\/www.cannadips.eu\/sv\/#website\"},\"datePublished\":\"2020-11-25T07:22:59+00:00\",\"dateModified\":\"2025-09-29T13:26:30+00:00\",\"breadcrumb\":{\"@id\":\"https:\/\/www.cannadips.eu\/buying-cannadips-cbd-elsewhere\/#breadcrumb\"},\"inLanguage\":\"sv-SE\",\"potentialAction\":[{\"@type\":\"ReadAction\",\"target\":[\"https:\/\/www.cannadips.eu\/buying-cannadips-cbd-elsewhere\/\"]}]},{\"@type\":\"BreadcrumbList\",\"@id\":\"https:\/\/www.cannadips.eu\/buying-cannadips-cbd-elsewhere\/#breadcrumb\",\"itemListElement\":[{\"@type\":\"ListItem\",\"position\":1,\"name\":\"Home\",\"item\":\"https:\/\/www.cannadips.eu\/sv\/?page_id=29389\"},{\"@type\":\"ListItem\",\"position\":2,\"name\":\"Buying Cannadips CBD Elsewhere\"}]},{\"@type\":\"WebSite\",\"@id\":\"https:\/\/www.cannadips.eu\/sv\/#website\",\"url\":\"https:\/\/www.cannadips.eu\/sv\/\",\"name\":\"Cannadips Europe\",\"description\":\"CBD Infused Pouches. All Natural. Discreet. Fast-Acting.\",\"potentialAction\":[{\"@type\":\"SearchAction\",\"target\":{\"@type\":\"EntryPoint\",\"urlTemplate\":\"https:\/\/www.cannadips.eu\/sv\/?s={search_term_string}\"},\"query-input\":{\"@type\":\"PropertyValueSpecification\",\"valueRequired\":true,\"valueName\":\"search_term_string\"}}],\"inLanguage\":\"sv-SE\"}]}<\/script>\n<!-- \/ Yoast SEO plugin. -->","yoast_head_json":{"title":"Buying Cannadips CBD Elsewhere | Cannadips Europe","robots":{"index":"index","follow":"follow","max-snippet":"max-snippet:-1","max-image-preview":"max-image-preview:large","max-video-preview":"max-video-preview:-1"},"canonical":"https:\/\/www.cannadips.eu\/sv\/kop-cannadips-cbd-nagon-annanstans\/","og_locale":"sv_SE","og_type":"article","og_title":"Buying Cannadips CBD Elsewhere | Cannadips Europe","og_url":"https:\/\/www.cannadips.eu\/sv\/kop-cannadips-cbd-nagon-annanstans\/","og_site_name":"Cannadips Europe","article_modified_time":"2025-09-29T13:26:30+00:00","og_image":[{"width":1824,"height":956,"url":"https:\/\/www.cannadips.eu\/wp-content\/uploads\/Cannadips-CBD-Hemp-Pouch.jpg","type":"image\/jpeg"}],"twitter_card":"summary_large_image","twitter_image":"https:\/\/www.cannadips.eu\/wp-content\/uploads\/Cannadips-CBD-Hemp-Pouch.jpg","twitter_misc":{"Ber\u00e4knad l\u00e4stid":"1 minut"},"schema":{"@context":"https:\/\/schema.org","@graph":[{"@type":"WebPage","@id":"https:\/\/www.cannadips.eu\/buying-cannadips-cbd-elsewhere\/","url":"https:\/\/www.cannadips.eu\/buying-cannadips-cbd-elsewhere\/","name":"Buying Cannadips CBD Elsewhere | Cannadips Europe","isPartOf":{"@id":"https:\/\/www.cannadips.eu\/sv\/#website"},"datePublished":"2020-11-25T07:22:59+00:00","dateModified":"2025-09-29T13:26:30+00:00","breadcrumb":{"@id":"https:\/\/www.cannadips.eu\/buying-cannadips-cbd-elsewhere\/#breadcrumb"},"inLanguage":"sv-SE","potentialAction":[{"@type":"ReadAction","target":["https:\/\/www.cannadips.eu\/buying-cannadips-cbd-elsewhere\/"]}]},{"@type":"BreadcrumbList","@id":"https:\/\/www.cannadips.eu\/buying-cannadips-cbd-elsewhere\/#breadcrumb","itemListElement":[{"@type":"ListItem","position":1,"name":"Home","item":"https:\/\/www.cannadips.eu\/sv\/?page_id=29389"},{"@type":"ListItem","position":2,"name":"Buying Cannadips CBD Elsewhere"}]},{"@type":"WebSite","@id":"https:\/\/www.cannadips.eu\/sv\/#website","url":"https:\/\/www.cannadips.eu\/sv\/","name":"Cannadips Europe","description":"CBD Infused Pouches. All Natural. Discreet. Fast-Acting.","potentialAction":[{"@type":"SearchAction","target":{"@type":"EntryPoint","urlTemplate":"https:\/\/www.cannadips.eu\/sv\/?s={search_term_string}"},"query-input":{"@type":"PropertyValueSpecification","valueRequired":true,"valueName":"search_term_string"}}],"inLanguage":"sv-SE"}]}},"_links":{"self":[{"href":"https:\/\/www.cannadips.eu\/sv\/wp-json\/wp\/v2\/pages\/21123","targetHints":{"allow":["GET"]}}],"collection":[{"href":"https:\/\/www.cannadips.eu\/sv\/wp-json\/wp\/v2\/pages"}],"about":[{"href":"https:\/\/www.cannadips.eu\/sv\/wp-json\/wp\/v2\/types\/page"}],"author":[{"embeddable":true,"href":"https:\/\/www.cannadips.eu\/sv\/wp-json\/wp\/v2\/users\/1"}],"replies":[{"embeddable":true,"href":"https:\/\/www.cannadips.eu\/sv\/wp-json\/wp\/v2\/comments?post=21123"}],"version-history":[{"count":2,"href":"https:\/\/www.cannadips.eu\/sv\/wp-json\/wp\/v2\/pages\/21123\/revisions"}],"predecessor-version":[{"id":41668,"href":"https:\/\/www.cannadips.eu\/sv\/wp-json\/wp\/v2\/pages\/21123\/revisions\/41668"}],"wp:attachment":[{"href":"https:\/\/www.cannadips.eu\/sv\/wp-json\/wp\/v2\/media?parent=21123"}],"curies":[{"name":"wp","href":"https:\/\/api.w.org\/{rel}","templated":true}]}}