{"id":5478,"date":"2019-09-13T04:42:00","date_gmt":"2019-09-13T02:42:00","guid":{"rendered":"https:\/\/www.pattys9.sg-host.com\/?page_id=5478"},"modified":"2025-04-30T12:04:31","modified_gmt":"2025-04-30T10:04:31","slug":"usage-steps","status":"publish","type":"page","link":"https:\/\/www.cannadips.eu\/de\/usage-steps\/","title":{"rendered":"NUTZUNGSSCHRITTE"},"content":{"rendered":"<div class=\"wpb-content-wrapper\"><div      class=\"vc_row wpb_row section vc_row-fluid  bs-ignore\" style=' text-align:left;'><div class=\"full_section_inner clearfix\"><div class=\"wpb_column vc_column_container vc_col-sm-12\"><div class=\"vc_column-inner\"><div class=\"wpb_wrapper\">\n\t\t\t\t<p class=\"rs-p-wp-fix\"><\/p>\n\t\t\t\t<sr7-module data-alias=\"usage-steps\" data-id=\"37\" id=\"SR7_37_1\" class=\"rs-ov-hidden\" data-version=\"6.7.21\">\n\t\t\t\t\t<sr7-adjuster><\/sr7-adjuster>\n\t\t\t\t\t<sr7-content>\n\t\t\t\t\t\t<sr7-slide id=\"SR7_37_1-24\" data-key=\"24\">\n\t\t\t\t\t\t\t<sr7-txt id=\"SR7_37_1-24-13\" class=\"sr7-layer\"><b>WIE WERDEN<\/b><br \/>\nCBD-POUCHES GENUTZT<\/sr7-txt>\n\t\t\t\t\t\t\t<sr7-txt id=\"SR7_37_1-24-19\" class=\"sr7-layer\">NICHT KAUEN, BEI\u00dfEN <br \/>\nODER FESTE DR\u00dcCKEN.<\/sr7-txt>\n\t\t\t\t\t\t\t<sr7-txt id=\"SR7_37_1-24-25\" class=\"sr7-layer\">Pouch aus der Dose nehmen.<\/sr7-txt>\n\t\t\t\t\t\t\t<sr7-txt id=\"SR7_37_1-24-26\" class=\"sr7-layer\">Nehmen Sie einen Pouch zwischen Lippen und Zahnfleisch. Lassen Sie den Pouch wirken. Bewegen den Pouch m\u00f6glichst wenig, wenn Sie ihn einmal im Mund platziert haben.<\/sr7-txt>\n\t\t\t\t\t\t\t<sr7-txt id=\"SR7_37_1-24-27\" class=\"sr7-layer\">Die Dosierung reicht f\u00fcr 30 bis 45 Minuten, aber Sie k\u00f6nnen das Produkt auch dar\u00fcber hinaus genie\u00dfen, da der Geschmack l\u00e4nger anh\u00e4lt.<\/sr7-txt>\n\t\t\t\t\t\t\t<sr7-txt id=\"SR7_37_1-24-33\" class=\"sr7-layer\">SCHRITT 1<\/sr7-txt>\n\t\t\t\t\t\t\t<sr7-txt id=\"SR7_37_1-24-36\" class=\"sr7-layer\">SCHRITT 2<\/sr7-txt>\n\t\t\t\t\t\t\t<sr7-txt id=\"SR7_37_1-24-37\" class=\"sr7-layer\">SCHRITT 3<\/sr7-txt>\n\t\t\t\t\t\t<\/sr7-slide>\n\t\t\t\t\t\t<sr7-slide id=\"SR7_37_1-286\" data-key=\"286\">\n\t\t\t\t\t\t<\/sr7-slide>\n\t\t\t\t\t<\/sr7-content>\n\t\t\t\t\t<image_lists style=\"display:none\">\n\t\t\t\t\t\t<img data-src=\"\/\/cannadips.eu\/wp-content\/uploads\/cannadips-step-1.png\" data-libid=\"1021\" alt=\"Cannadips CBD - CBD Infused in-mouth pouches. Usage Step One.\" title=\"cannadips-step-1\" width=\"0\" height=\"0\" data-dbsrc=\"Ly9jYW5uYWRpcHMuZXUvd3AtY29udGVudC91cGxvYWRzL2Nhbm5hZGlwcy1zdGVwLTEucG5n\"\/>\n\t\t\t\t\t\t<img data-src=\"\/\/cannadips.eu\/wp-content\/uploads\/cannadips-step-2.png\" data-libid=\"1022\" alt=\"Cannadips CBD - CBD Infused in-mouth pouches. Usage Step Two.\" title=\"cannadips-step-2\" width=\"0\" height=\"0\" data-dbsrc=\"Ly9jYW5uYWRpcHMuZXUvd3AtY29udGVudC91cGxvYWRzL2Nhbm5hZGlwcy1zdGVwLTIucG5n\"\/>\n\t\t\t\t\t\t<img data-src=\"\/\/cannadips.eu\/wp-content\/uploads\/cannadips-step-3.png\" data-libid=\"1023\" alt=\"Cannadips CBD - CBD Infused in-mouth pouches. Usage Step Three.\" title=\"cannadips-step-3\" width=\"0\" height=\"0\" data-dbsrc=\"Ly9jYW5uYWRpcHMuZXUvd3AtY29udGVudC91cGxvYWRzL2Nhbm5hZGlwcy1zdGVwLTMucG5n\"\/>\n\t\t\t\t\t<\/image_lists>\n\t\t\t\t<\/sr7-module>\n\t\t\t\t<script>\n\t\t\t\t\tSR7.PMH ??={}; SR7.PMH[\"SR7_37_1\"] = {cn:0,state:false,fn: function() { if (_tpt!==undefined && _tpt.prepareModuleHeight !== undefined) {  _tpt.prepareModuleHeight({id:\"SR7_37_1\",el:[900,900,886,2432,1705],type:'standard',shdw:'0',gh:[900,900,768,960,720],gw:[1240,1240,1024,778,480],vpt:['-200px&#039;,&#039;-200px&#039;,&#039;-200px&#039;,&#039;-200px&#039;,&#039;-200px'],size:{fullWidth:true, fullHeight:true},fho:',',mh:'0',onh:0,onw:0,bg:{color:'{\"type\":\"solid\",\"orig\":\"#f9fafa\",\"string\":\"rgba(249, 250, 250, 1)\"}'}});   SR7.PMH[\"SR7_37_1\"].state=true;} else if((SR7.PMH[\"SR7_37_1\"].cn++)<100)\tsetTimeout( SR7.PMH[\"SR7_37_1\"].fn,19);}};SR7.PMH[\"SR7_37_1\" ].fn();\n\t\t\t\t<\/script>\n<\/div><\/div><\/div><\/div><\/div>\n<\/div>","protected":false},"excerpt":{"rendered":"HOW TO USE CANNADIPS POUCHES DO NOT CHEW, BITE OR PRESS HARD IN MOUTH Take pouch out of the can. Insert one pouch between your inner lip & gum and...","protected":false},"author":1,"featured_media":0,"parent":0,"menu_order":0,"comment_status":"closed","ping_status":"closed","template":"","meta":{"footnotes":""},"class_list":["post-5478","page","type-page","status-publish","hentry"],"yoast_head":"<!-- This site is optimized with the Yoast SEO plugin v24.1 - https:\/\/yoast.com\/wordpress\/plugins\/seo\/ -->\n<title>Usage Steps | CBD Infused Pouches| Cannadips Europe<\/title>\n<meta name=\"description\" content=\"To correctly use Cannadips CBD pouches, please follow the recommended usage steps to ensure the best experience.\" \/>\n<meta name=\"robots\" content=\"index, follow, max-snippet:-1, max-image-preview:large, max-video-preview:-1\" \/>\n<link rel=\"canonical\" href=\"https:\/\/www.cannadips.eu\/de\/usage-steps\/\" \/>\n<meta property=\"og:locale\" content=\"de_DE\" \/>\n<meta property=\"og:type\" content=\"article\" \/>\n<meta property=\"og:title\" content=\"Usage Steps | CBD Infused Pouches| Cannadips Europe\" \/>\n<meta property=\"og:description\" content=\"To correctly use Cannadips CBD pouches, please follow the recommended usage steps to ensure the best experience.\" \/>\n<meta property=\"og:url\" content=\"https:\/\/www.cannadips.eu\/de\/usage-steps\/\" \/>\n<meta property=\"og:site_name\" content=\"Cannadips Europe\" \/>\n<meta property=\"article:modified_time\" content=\"2025-04-30T10:04:31+00:00\" \/>\n<meta property=\"og:image\" content=\"https:\/\/www.cannadips.eu\/wp-content\/uploads\/Cannadips-CBD-Hemp-Pouch.jpg\" \/>\n\t<meta property=\"og:image:width\" content=\"1824\" \/>\n\t<meta property=\"og:image:height\" content=\"956\" \/>\n\t<meta property=\"og:image:type\" content=\"image\/jpeg\" \/>\n<meta name=\"twitter:card\" content=\"summary_large_image\" \/>\n<meta name=\"twitter:image\" content=\"https:\/\/www.cannadips.eu\/wp-content\/uploads\/Cannadips-CBD-Hemp-Pouch.jpg\" \/>\n<meta name=\"twitter:label1\" content=\"Gesch\u00e4tzte Lesezeit\" \/>\n\t<meta name=\"twitter:data1\" content=\"1\u00a0Minute\" \/>\n<script type=\"application\/ld+json\" class=\"yoast-schema-graph\">{\"@context\":\"https:\/\/schema.org\",\"@graph\":[{\"@type\":\"WebPage\",\"@id\":\"https:\/\/www.cannadips.eu\/usage-steps\/\",\"url\":\"https:\/\/www.cannadips.eu\/usage-steps\/\",\"name\":\"Usage Steps | CBD Infused Pouches| Cannadips Europe\",\"isPartOf\":{\"@id\":\"http:\/\/www.cannadips.eu\/de\/#website\"},\"datePublished\":\"2019-09-13T02:42:00+00:00\",\"dateModified\":\"2025-04-30T10:04:31+00:00\",\"description\":\"To correctly use Cannadips CBD pouches, please follow the recommended usage steps to ensure the best experience.\",\"breadcrumb\":{\"@id\":\"https:\/\/www.cannadips.eu\/usage-steps\/#breadcrumb\"},\"inLanguage\":\"de\",\"potentialAction\":[{\"@type\":\"ReadAction\",\"target\":[\"https:\/\/www.cannadips.eu\/usage-steps\/\"]}]},{\"@type\":\"BreadcrumbList\",\"@id\":\"https:\/\/www.cannadips.eu\/usage-steps\/#breadcrumb\",\"itemListElement\":[{\"@type\":\"ListItem\",\"position\":1,\"name\":\"Home\",\"item\":\"http:\/\/www.cannadips.eu\/de\/?page_id=29389\"},{\"@type\":\"ListItem\",\"position\":2,\"name\":\"Usage Steps\"}]},{\"@type\":\"WebSite\",\"@id\":\"http:\/\/www.cannadips.eu\/de\/#website\",\"url\":\"http:\/\/www.cannadips.eu\/de\/\",\"name\":\"Cannadips Europe\",\"description\":\"CBD Infused Pouches. All Natural. Discreet. Fast-Acting.\",\"potentialAction\":[{\"@type\":\"SearchAction\",\"target\":{\"@type\":\"EntryPoint\",\"urlTemplate\":\"http:\/\/www.cannadips.eu\/de\/?s={search_term_string}\"},\"query-input\":{\"@type\":\"PropertyValueSpecification\",\"valueRequired\":true,\"valueName\":\"search_term_string\"}}],\"inLanguage\":\"de\"}]}<\/script>\n<!-- \/ Yoast SEO plugin. -->","yoast_head_json":{"title":"Usage Steps | CBD Infused Pouches| Cannadips Europe","description":"To correctly use Cannadips CBD pouches, please follow the recommended usage steps to ensure the best experience.","robots":{"index":"index","follow":"follow","max-snippet":"max-snippet:-1","max-image-preview":"max-image-preview:large","max-video-preview":"max-video-preview:-1"},"canonical":"https:\/\/www.cannadips.eu\/de\/usage-steps\/","og_locale":"de_DE","og_type":"article","og_title":"Usage Steps | CBD Infused Pouches| Cannadips Europe","og_description":"To correctly use Cannadips CBD pouches, please follow the recommended usage steps to ensure the best experience.","og_url":"https:\/\/www.cannadips.eu\/de\/usage-steps\/","og_site_name":"Cannadips Europe","article_modified_time":"2025-04-30T10:04:31+00:00","og_image":[{"width":1824,"height":956,"url":"https:\/\/www.cannadips.eu\/wp-content\/uploads\/Cannadips-CBD-Hemp-Pouch.jpg","type":"image\/jpeg"}],"twitter_card":"summary_large_image","twitter_image":"https:\/\/www.cannadips.eu\/wp-content\/uploads\/Cannadips-CBD-Hemp-Pouch.jpg","twitter_misc":{"Gesch\u00e4tzte Lesezeit":"1\u00a0Minute"},"schema":{"@context":"https:\/\/schema.org","@graph":[{"@type":"WebPage","@id":"https:\/\/www.cannadips.eu\/usage-steps\/","url":"https:\/\/www.cannadips.eu\/usage-steps\/","name":"Usage Steps | CBD Infused Pouches| Cannadips Europe","isPartOf":{"@id":"http:\/\/www.cannadips.eu\/de\/#website"},"datePublished":"2019-09-13T02:42:00+00:00","dateModified":"2025-04-30T10:04:31+00:00","description":"To correctly use Cannadips CBD pouches, please follow the recommended usage steps to ensure the best experience.","breadcrumb":{"@id":"https:\/\/www.cannadips.eu\/usage-steps\/#breadcrumb"},"inLanguage":"de","potentialAction":[{"@type":"ReadAction","target":["https:\/\/www.cannadips.eu\/usage-steps\/"]}]},{"@type":"BreadcrumbList","@id":"https:\/\/www.cannadips.eu\/usage-steps\/#breadcrumb","itemListElement":[{"@type":"ListItem","position":1,"name":"Home","item":"http:\/\/www.cannadips.eu\/de\/?page_id=29389"},{"@type":"ListItem","position":2,"name":"Usage Steps"}]},{"@type":"WebSite","@id":"http:\/\/www.cannadips.eu\/de\/#website","url":"http:\/\/www.cannadips.eu\/de\/","name":"Cannadips Europe","description":"CBD Infused Pouches. All Natural. Discreet. Fast-Acting.","potentialAction":[{"@type":"SearchAction","target":{"@type":"EntryPoint","urlTemplate":"http:\/\/www.cannadips.eu\/de\/?s={search_term_string}"},"query-input":{"@type":"PropertyValueSpecification","valueRequired":true,"valueName":"search_term_string"}}],"inLanguage":"de"}]}},"_links":{"self":[{"href":"https:\/\/www.cannadips.eu\/de\/wp-json\/wp\/v2\/pages\/5478","targetHints":{"allow":["GET"]}}],"collection":[{"href":"https:\/\/www.cannadips.eu\/de\/wp-json\/wp\/v2\/pages"}],"about":[{"href":"https:\/\/www.cannadips.eu\/de\/wp-json\/wp\/v2\/types\/page"}],"author":[{"embeddable":true,"href":"https:\/\/www.cannadips.eu\/de\/wp-json\/wp\/v2\/users\/1"}],"replies":[{"embeddable":true,"href":"https:\/\/www.cannadips.eu\/de\/wp-json\/wp\/v2\/comments?post=5478"}],"version-history":[{"count":0,"href":"https:\/\/www.cannadips.eu\/de\/wp-json\/wp\/v2\/pages\/5478\/revisions"}],"wp:attachment":[{"href":"https:\/\/www.cannadips.eu\/de\/wp-json\/wp\/v2\/media?parent=5478"}],"curies":[{"name":"wp","href":"https:\/\/api.w.org\/{rel}","templated":true}]}}