{"id":377,"date":"2016-03-30T14:40:02","date_gmt":"2016-03-30T12:40:02","guid":{"rendered":"http:\/\/bridge16.qodeinteractive.com\/?page_id=377"},"modified":"2025-06-20T08:08:45","modified_gmt":"2025-06-20T06:08:45","slug":"the-cannadips-story","status":"publish","type":"page","link":"https:\/\/www.cannadips.eu\/de\/geschichte\/","title":{"rendered":"The Cannadips Story"},"content":{"rendered":"<div class=\"wpb-content-wrapper\"><div      class=\"vc_row wpb_row section vc_row-fluid  bs-ignore\" style=' text-align:left;'><div class=\"full_section_inner clearfix\"><div class=\"wpb_column vc_column_container vc_col-sm-12\"><div class=\"vc_column-inner\"><div class=\"wpb_wrapper\">\n\t\t\t\t<p class=\"rs-p-wp-fix\"><\/p>\n\t\t\t\t<sr7-module data-alias=\"story-main\" data-id=\"28\" id=\"SR7_28_1\" class=\"rs-ov-hidden\" data-version=\"6.7.21\">\n\t\t\t\t\t<sr7-adjuster><\/sr7-adjuster>\n\t\t\t\t\t<sr7-content>\n\t\t\t\t\t\t<sr7-slide id=\"SR7_28_1-16\" data-key=\"16\">\n\t\t\t\t\t\t\t<sr7-bg id=\"SR7_28_1-16-15\" class=\"sr7-layer\"><noscript><img decoding=\"async\" src=\"https:\/\/www.cannadips.eu\/wp-content\/uploads\/Cannadips-Man-holding-Tangy-Citrus-scaled-1.jpg\" alt=\"\" title=\"Cannadips-Man-holding-Tangy-Citrus-scaled\"><\/noscript><\/sr7-bg>\n\t\t\t\t\t\t\t<h2 id=\"SR7_28_1-16-3\" class=\"sr7-layer\">WILLKOMMEN AUF UNSERER REISE<\/h2>\n\t\t\t\t\t\t\t<sr7-txt id=\"SR7_28_1-16-13\" class=\"sr7-layer\">DIE<br \/>\nCannadips<br \/>\nGESCHICHTE<\/sr7-txt>\n\t\t\t\t\t\t<\/sr7-slide>\n\t\t\t\t\t\t<sr7-slide id=\"SR7_28_1-279\" data-key=\"279\">\n\t\t\t\t\t\t<\/sr7-slide>\n\t\t\t\t\t<\/sr7-content>\n\t\t\t\t\t<image_lists style=\"display:none\">\n\t\t\t\t\t\t<img data-src=\"\/\/www.cannadips.eu\/wp-content\/uploads\/Cannadips-Man-holding-Tangy-Citrus-scaled-1.jpg\" data-libid=\"40058\" data-lib=\"medialibrary\" title=\"Cannadips-Man-holding-Tangy-Citrus-scaled\" width=\"0\" height=\"0\" data-dbsrc=\"Ly93d3cuY2FubmFkaXBzLmV1L3dwLWNvbnRlbnQvdXBsb2Fkcy9DYW5uYWRpcHMtTWFuLWhvbGRpbmctVGFuZ3ktQ2l0cnVzLXNjYWxlZC0xLmpwZw==\"\/>\n\t\t\t\t\t<\/image_lists>\n\t\t\t\t<\/sr7-module>\n\t\t\t\t<script>\n\t\t\t\t\tSR7.PMH ??={}; SR7.PMH[\"SR7_28_1\"] = {cn:0,state:false,fn: function() { if (_tpt!==undefined && _tpt.prepareModuleHeight !== undefined) {  _tpt.prepareModuleHeight({id:\"SR7_28_1\",el:[900,900,768,960,720],type:'hero',shdw:'0',gh:[900,900,768,960,720],gw:[1240,1240,1024,768,480],vpt:['-200px&#039;,&#039;-200px&#039;,&#039;-200px&#039;,&#039;-200px&#039;,&#039;-200px'],size:{fullWidth:true, fullHeight:true},fho:'',mh:'0',onh:0,onw:0,bg:{color:'{\"orig\":\"transparent\",\"type\":\"solid\",\"string\":\"transparent\"}'}});   SR7.PMH[\"SR7_28_1\"].state=true;} else if((SR7.PMH[\"SR7_28_1\"].cn++)<100)\tsetTimeout( SR7.PMH[\"SR7_28_1\"].fn,19);}};SR7.PMH[\"SR7_28_1\" ].fn();\n\t\t\t\t<\/script>\n<\/div><\/div><\/div><\/div><\/div><div      class=\"vc_row wpb_row section vc_row-fluid  white story grid_section\" style='background-image:url(https:\/\/www.cannadips.eu\/wp-content\/uploads\/Cannadips-Girl-Holding-Tangy-Citrus-50mg.jpg); padding-top:150px; padding-bottom:330px; text-align:left;'><div class=\"section_inner clearfix\"><div class='section_inner_margin clearfix'><div class=\"wpb_column vc_column_container vc_col-sm-1\"><div class=\"vc_column-inner\"><div class=\"wpb_wrapper\"><\/div><\/div><\/div><div class=\"wpb_animate_when_almost_visible wpb_fadeIn fadeIn wpb_column vc_column_container vc_col-sm-10\"><div class=\"vc_column-inner\"><div class=\"wpb_wrapper\">\n\t<div class=\"wpb_text_column wpb_content_element\">\n\t\t<div class=\"wpb_wrapper\">\n\t\t\t<h2 class=\"story\">SEIT 2016<\/h2>\n\n\t\t<\/div>\n\t<\/div>\n\t<div class=\"wpb_text_column wpb_content_element  br-hide\">\n\t\t<div class=\"wpb_wrapper\">\n\t\t\t<p>Cannadips began crafting our pouch-in-mouth products<br \/>\ndie in den Mund genommen werden. Da wir bereits Erfahrungen mit dem Dippen von Tabak haben,<br \/>\nsind wir in dieser Branche bereits beheimatet. Die beiden Komponenten zu kombinieren,<br \/>\nwar eine nat\u00fcrliche Entwicklung f\u00fcr uns.<\/p>\n\n\t\t<\/div>\n\t<\/div><div class=\"vc_empty_space\"  style=\"height: 20px\" >\n\t<span class=\"vc_empty_space_inner\">\n\t\t<span class=\"empty_space_image\"  ><\/span>\n\t<\/span>\n<\/div>\n\t<div class=\"wpb_text_column wpb_content_element\">\n\t\t<div class=\"wpb_wrapper\">\n\t\t\t<h2 class=\"story\">SITZ IN<br \/>\nHUMBOLDT<\/h2>\n\n\t\t<\/div>\n\t<\/div>\n\t<div class=\"wpb_text_column wpb_content_element  br-hide\">\n\t\t<div class=\"wpb_wrapper\">\n\t\t\t<p>Mit Sitz im Landkreis Humboldt in Kalifornien, bietet Cannadips<br \/>\nein einzigartiges, n\u00fctzliches und breites Spektrum des Hanferlebnisses \u2013<br \/>\nein angenehmes CBD-Erlebnis. Es bietet einen ausgezeichneten Geschmack<br \/>\nund ist ein THC-, tabak- und nikotinfreies Alternativprodukt.<\/p>\n\n\t\t<\/div>\n\t<\/div><\/div><\/div><\/div><div class=\"wpb_column vc_column_container vc_col-sm-1\"><div class=\"vc_column-inner\"><div class=\"wpb_wrapper\"><\/div><\/div><\/div><\/div><\/div><\/div><div      class=\"vc_row wpb_row section vc_row-fluid  white story grid_section\" style='background-image:url(https:\/\/www.cannadips.eu\/wp-content\/uploads\/Cannadips-American-Spice-Can-on-Wet-Rocky-Surface-50mg.jpg); padding-top:200px; padding-bottom:390px; text-align:right;'><div class=\"section_inner clearfix\"><div class='section_inner_margin clearfix'><div class=\"wpb_column vc_column_container vc_col-sm-1\"><div class=\"vc_column-inner\"><div class=\"wpb_wrapper\"><\/div><\/div><\/div><div class=\"wpb_animate_when_almost_visible wpb_fadeIn fadeIn wpb_column vc_column_container vc_col-sm-10\"><div class=\"vc_column-inner\"><div class=\"wpb_wrapper\">\n\t<div class=\"wpb_text_column wpb_content_element\">\n\t\t<div class=\"wpb_wrapper\">\n\t\t\t<h2 class=\"story\">HUMBOLDT<br \/>\nKALIFORNIEN<\/h2>\n\n\t\t<\/div>\n\t<\/div><div class=\"vc_empty_space\"  style=\"height: 3px\" >\n\t<span class=\"vc_empty_space_inner\">\n\t\t<span class=\"empty_space_image\"  ><\/span>\n\t<\/span>\n<\/div>\n\t<div class=\"wpb_text_column wpb_content_element  br-hide\">\n\t\t<div class=\"wpb_wrapper\">\n\t\t\t<p>Gelegen an der \u00e4u\u00dfersten Nordspitze Kaliforniens,<br \/>\nwo der Pazifische Ozean auf den m\u00e4chtigen Rotholzwald st\u00f6\u00dft,<br \/>\nliegt Humboldt. Eine kleine aber einzigartig sch\u00f6ne und<br \/>\nabgelegene Region mit einer kleinen Bev\u00f6lkerung,<br \/>\ndie seit der Niederlassung der Siedlung abseits gelebt hat.<\/p>\n\n\t\t<\/div>\n\t<\/div><\/div><\/div><\/div><div class=\"wpb_column vc_column_container vc_col-sm-1\"><div class=\"vc_column-inner\"><div class=\"wpb_wrapper\"><\/div><\/div><\/div><\/div><\/div><\/div><div      class=\"vc_row wpb_row section vc_row-fluid  bs-ignore\" style=' text-align:left;'><div class=\"full_section_inner clearfix\"><div class=\"wpb_column vc_column_container vc_col-sm-12\"><div class=\"vc_column-inner\"><div class=\"wpb_wrapper\">\n\t\t\t\t<p class=\"rs-p-wp-fix\"><\/p>\n\t\t\t\t<sr7-module data-alias=\"brand-video-1\" data-id=\"106\" id=\"SR7_106_2\" class=\"rs-ov-hidden\" data-version=\"6.7.21\">\n\t\t\t\t\t<sr7-adjuster><\/sr7-adjuster>\n\t\t\t\t\t<sr7-content>\n\t\t\t\t\t\t<sr7-slide id=\"SR7_106_2-98\" data-key=\"98\">\n\t\t\t\t\t\t\t<sr7-bg id=\"SR7_106_2-98-20\" class=\"sr7-layer\"><noscript><img decoding=\"async\" src=\"https:\/\/cannadips.eu\/wp-content\/uploads\/vimeo-cover.jpg\" alt=\"Cannadips CBD - CBD Infused in-mouth pouches. Imagery Full American picnic.\" title=\"vimeo-cover\"><\/noscript><\/sr7-bg>\n\t\t\t\t\t\t\t<sr7-txt id=\"SR7_106_2-98-15\" class=\"sr7-layer\">VIDEO ZUR GESCHICHTE DER MARKE<\/sr7-txt>\n\t\t\t\t\t\t\t<sr7-txt id=\"SR7_106_2-98-18\" class=\"sr7-layer\"><i class=\"fa-play-circle\"><\/i><\/sr7-txt>\n\t\t\t\t\t\t<\/sr7-slide>\n\t\t\t\t\t\t<sr7-slide id=\"SR7_106_2-97\" data-key=\"97\">\n\t\t\t\t\t\t<\/sr7-slide>\n\t\t\t\t\t\t<sr7-slide id=\"SR7_106_2-330\" data-key=\"330\">\n\t\t\t\t\t\t<\/sr7-slide>\n\t\t\t\t\t<\/sr7-content>\n\t\t\t\t\t<image_lists style=\"display:none\">\n\t\t\t\t\t\t<img data-src=\"\/\/cannadips.eu\/wp-content\/uploads\/cannadips-logo-icon-light-512.png\" data-libid=\"450\" width=\"0\" height=\"0\" data-dbsrc=\"Ly9jYW5uYWRpcHMuZXUvd3AtY29udGVudC91cGxvYWRzL2Nhbm5hZGlwcy1sb2dvLWljb24tbGlnaHQtNTEyLnBuZw==\"\/>\n\t\t\t\t\t\t<img data-src=\"\/\/cannadips.eu\/wp-content\/uploads\/cannadips-logo-light-1200.png\" data-libid=\"439\" alt=\"Cannadips Logo White - CBD Infused in-mouth pouches.\" title=\"cannadips-logo-light-1200\" width=\"0\" height=\"0\" data-dbsrc=\"Ly9jYW5uYWRpcHMuZXUvd3AtY29udGVudC91cGxvYWRzL2Nhbm5hZGlwcy1sb2dvLWxpZ2h0LTEyMDAucG5n\"\/>\n\t\t\t\t\t\t<img data-src=\"\/\/cannadips.eu\/wp-content\/uploads\/vimeo-cover.jpg\" data-libid=\"1004\" alt=\"Cannadips CBD - CBD Infused in-mouth pouches. Imagery Full American picnic.\" title=\"vimeo-cover\" width=\"0\" height=\"0\" data-dbsrc=\"Ly9jYW5uYWRpcHMuZXUvd3AtY29udGVudC91cGxvYWRzL3ZpbWVvLWNvdmVyLmpwZw==\"\/>\n\t\t\t\t\t<\/image_lists>\n\t\t\t\t<\/sr7-module>\n\t\t\t\t<script>\n\t\t\t\t\tSR7.PMH ??={}; SR7.PMH[\"SR7_106_2\"] = {cn:0,state:false,fn: function() { if (_tpt!==undefined && _tpt.prepareModuleHeight !== undefined) {  _tpt.prepareModuleHeight({id:\"SR7_106_2\",el:[900,900,768,960,720],type:'standard',shdw:'0',gh:[900,900,768,960,720],gw:[1240,1240,1024,778,480],vpt:['-200px&#039;,&#039;-200px&#039;,&#039;-200px&#039;,&#039;-200px&#039;,&#039;-200px'],size:{fullWidth:true, fullHeight:true},fho:',',mh:'0',onh:0,onw:0,bg:{color:'{\"type\":\"solid\",\"orig\":\"#f9fafa\",\"string\":\"rgba(249, 250, 250, 1)\"}'}});   SR7.PMH[\"SR7_106_2\"].state=true;} else if((SR7.PMH[\"SR7_106_2\"].cn++)<100)\tsetTimeout( SR7.PMH[\"SR7_106_2\"].fn,19);}};SR7.PMH[\"SR7_106_2\" ].fn();\n\t\t\t\t<\/script>\n<\/div><\/div><\/div><\/div><\/div><div      class=\"vc_row wpb_row section vc_row-fluid  white story grid_section\" style='background-image:url(https:\/\/www.cannadips.eu\/wp-content\/uploads\/cannadips-bg-01.jpg); padding-top:150px; padding-bottom:480px; text-align:center;'><div class=\"section_inner clearfix\"><div class='section_inner_margin clearfix'><div class=\"wpb_column vc_column_container vc_col-sm-1\/5\"><div class=\"vc_column-inner\"><div class=\"wpb_wrapper\"><\/div><\/div><\/div><div class=\"wpb_animate_when_almost_visible wpb_fadeIn fadeIn wpb_column vc_column_container vc_col-sm-3\/5\"><div class=\"vc_column-inner\"><div class=\"wpb_wrapper\">\n\t<div class=\"wpb_text_column wpb_content_element\">\n\t\t<div class=\"wpb_wrapper\">\n\t\t\t<h2 class=\"story\">ZUR\u00dcCK AUFS<br \/>\nLAND BEWEGUNG<\/h2>\n\n\t\t<\/div>\n\t<\/div>\n\t<div class=\"wpb_text_column wpb_content_element  br-hide\">\n\t\t<div class=\"wpb_wrapper\">\n\t\t\t<p>Diese Gruppe von Siedlern war ein Teil der \u201czur\u00fcck aufs Land\u201d Bewegung,<br \/>\nwelche die Menschen ermutigte, aus dem hektischen Leben in der Stadt zu treten<br \/>\nund zur Natur zur\u00fcckzukehren, um auf bestm\u00f6gliche und nachhaltige Weise zu leben.<\/p>\n\n\t\t<\/div>\n\t<\/div><\/div><\/div><\/div><div class=\"wpb_column vc_column_container vc_col-sm-1\/5\"><div class=\"vc_column-inner\"><div class=\"wpb_wrapper\"><\/div><\/div><\/div><\/div><\/div><\/div><div      class=\"vc_row wpb_row section vc_row-fluid  white story grid_section\" style='background-image:url(https:\/\/www.cannadips.eu\/wp-content\/uploads\/Cannadips-Natural-Mint-Can-on-Rocky-Shore-Background-50mg.jpg); padding-top:200px; padding-bottom:390px; text-align:left;'><div class=\"section_inner clearfix\"><div class='section_inner_margin clearfix'><div class=\"wpb_column vc_column_container vc_col-sm-1\"><div class=\"vc_column-inner\"><div class=\"wpb_wrapper\"><\/div><\/div><\/div><div class=\"wpb_animate_when_almost_visible wpb_fadeIn fadeIn wpb_column vc_column_container vc_col-sm-10\"><div class=\"vc_column-inner\"><div class=\"wpb_wrapper\">\n\t<div class=\"wpb_text_column wpb_content_element\">\n\t\t<div class=\"wpb_wrapper\">\n\t\t\t<h2 class=\"story\">TEIL DES<br \/>\nSMARAGD-DREIECKS<\/h2>\n\n\t\t<\/div>\n\t<\/div>\n\t<div class=\"wpb_text_column wpb_content_element  br-hide\">\n\t\t<div class=\"wpb_wrapper\">\n\t\t\t<p>Heutzutage ist Humboldt Teil des Smaragd-Dreiecks. Sehr bekannt f\u00fcr erstklassige<br \/>\nErnten durch leidenschaftliche und erfahrene Z\u00fcchter. Diese erfahrenen Generationen<br \/>\nvon Z\u00fcchtern halten an Innovationen fest, die ihrer Zeit weit voraus sind.<br \/>\nDas Ergebnis sind autarke Anlagen mit Wasserr\u00fcckgewinnungstechniken<br \/>\nin geringen Skalen und kreativer Gewinnung von Energie.<br \/>\nDies resultiert letztendlich in Sorten aus h\u00f6chster Qualit\u00e4t,<br \/>\ndie f\u00fcr die komplexen Profile und Wirksamkeiten<br \/>\nder Terpene gez\u00fcchtet worden sind.<\/p>\n\n\t\t<\/div>\n\t<\/div><\/div><\/div><\/div><div class=\"wpb_column vc_column_container vc_col-sm-1\"><div class=\"vc_column-inner\"><div class=\"wpb_wrapper\"><\/div><\/div><\/div><\/div><\/div><\/div><div      class=\"vc_row wpb_row section vc_row-fluid  bs-ignore\" style=' text-align:left;'><div class=\"full_section_inner clearfix\"><div class=\"wpb_column vc_column_container vc_col-sm-12\"><div class=\"vc_column-inner\"><div class=\"wpb_wrapper\">\n\t\t\t\t<p class=\"rs-p-wp-fix\"><\/p>\n\t\t\t\t<sr7-module data-alias=\"video-manufacturing\" data-id=\"105\" id=\"SR7_105_3\" class=\"rs-ov-hidden\" data-version=\"6.7.21\">\n\t\t\t\t\t<sr7-adjuster><\/sr7-adjuster>\n\t\t\t\t\t<sr7-content>\n\t\t\t\t\t\t<sr7-slide id=\"SR7_105_3-95\" data-key=\"95\">\n\t\t\t\t\t\t\t<sr7-bg id=\"SR7_105_3-95-20\" class=\"sr7-layer\"><noscript><img decoding=\"async\" src=\"https:\/\/cannadips.eu\/wp-content\/uploads\/manufacturing-1.jpg\" alt=\"Cannadips CBD - CBD Infused in-mouth pouches. Manufacturing.\" title=\"Fertigung-1\"><\/noscript><\/sr7-bg>\n\t\t\t\t\t\t\t<sr7-txt id=\"SR7_105_3-95-15\" class=\"sr7-layer\">HERSTELLUNGSVIDEO<\/sr7-txt>\n\t\t\t\t\t\t\t<sr7-txt id=\"SR7_105_3-95-18\" class=\"sr7-layer\"><i class=\"fa-play-circle\"><\/i><\/sr7-txt>\n\t\t\t\t\t\t<\/sr7-slide>\n\t\t\t\t\t\t<sr7-slide id=\"SR7_105_3-96\" data-key=\"96\">\n\t\t\t\t\t\t<\/sr7-slide>\n\t\t\t\t\t\t<sr7-slide id=\"SR7_105_3-329\" data-key=\"329\">\n\t\t\t\t\t\t<\/sr7-slide>\n\t\t\t\t\t<\/sr7-content>\n\t\t\t\t\t<image_lists style=\"display:none\">\n\t\t\t\t\t\t<img data-src=\"\/\/cannadips.eu\/wp-content\/uploads\/cannadips-logo-light-1200.png\" data-libid=\"439\" alt=\"Cannadips Logo White - CBD Infused in-mouth pouches.\" title=\"cannadips-logo-light-1200\" width=\"0\" height=\"0\" data-dbsrc=\"Ly9jYW5uYWRpcHMuZXUvd3AtY29udGVudC91cGxvYWRzL2Nhbm5hZGlwcy1sb2dvLWxpZ2h0LTEyMDAucG5n\"\/>\n\t\t\t\t\t\t<img data-src=\"\/\/cannadips.eu\/wp-content\/uploads\/manufacturing-1.jpg\" data-libid=\"1322\" alt=\"Cannadips CBD - CBD Infused in-mouth pouches. Manufacturing.\" title=\"Fertigung-1\" width=\"0\" height=\"0\" data-dbsrc=\"Ly9jYW5uYWRpcHMuZXUvd3AtY29udGVudC91cGxvYWRzL21hbnVmYWN0dXJpbmctMS5qcGc=\"\/>\n\t\t\t\t\t\t<img data-src=\"\/\/cannadips.eu\/wp-content\/uploads\/cannadips-logo-icon-light-512.png\" data-libid=\"450\" width=\"0\" height=\"0\" data-dbsrc=\"Ly9jYW5uYWRpcHMuZXUvd3AtY29udGVudC91cGxvYWRzL2Nhbm5hZGlwcy1sb2dvLWljb24tbGlnaHQtNTEyLnBuZw==\"\/>\n\t\t\t\t\t<\/image_lists>\n\t\t\t\t<\/sr7-module>\n\t\t\t\t<script>\n\t\t\t\t\tSR7.PMH ??={}; SR7.PMH[\"SR7_105_3\"] = {cn:0,state:false,fn: function() { if (_tpt!==undefined && _tpt.prepareModuleHeight !== undefined) {  _tpt.prepareModuleHeight({id:\"SR7_105_3\",el:[900,900,768,960,720],type:'standard',shdw:'0',gh:[900,900,768,960,720],gw:[1240,1240,1024,778,480],vpt:['-200px&#039;,&#039;-200px&#039;,&#039;-200px&#039;,&#039;-200px&#039;,&#039;-200px'],size:{fullWidth:true, fullHeight:true},fho:',',mh:'0',onh:0,onw:0,bg:{color:'{\"type\":\"solid\",\"orig\":\"#f9fafa\",\"string\":\"rgba(249, 250, 250, 1)\"}'}});   SR7.PMH[\"SR7_105_3\"].state=true;} else if((SR7.PMH[\"SR7_105_3\"].cn++)<100)\tsetTimeout( SR7.PMH[\"SR7_105_3\"].fn,19);}};SR7.PMH[\"SR7_105_3\" ].fn();\n\t\t\t\t<\/script>\n<\/div><\/div><\/div><\/div><\/div><div      class=\"vc_row wpb_row section vc_row-fluid\" style='background-color:#191919; padding-top:20px; padding-bottom:20px; text-align:center;'><div class=\"full_section_inner clearfix\"><div class=\"wpb_column vc_column_container vc_col-sm-12\"><div class=\"vc_column-inner\"><div class=\"wpb_wrapper\">\n\t<div class=\"wpb_text_column wpb_content_element\">\n\t\t<div class=\"wpb_wrapper\">\n\t\t\t<p><a href=\"https:\/\/cbd-directory.com\"><img decoding=\"async\" src=\"http:\/\/www.cannadips.eu\/wp-content\/uploads\/cbd-directory-featured.webp\" alt=\"CBD Directory\" width=\"180\" \/><\/a><\/p>\n\n\t\t<\/div>\n\t<\/div><\/div><\/div><\/div><\/div><\/div>\n<\/div>","protected":false},"excerpt":{"rendered":"WELCOME TO OUR JOURNEY The Cannadips Story SINCE 2016 Cannadips began crafting our pouch-in-mouth products in 2016. We are no strangers to the industry and are familiar with tobacco dip....","protected":false},"author":1,"featured_media":456,"parent":0,"menu_order":0,"comment_status":"closed","ping_status":"closed","template":"full_width.php","meta":{"footnotes":""},"class_list":["post-377","page","type-page","status-publish","has-post-thumbnail","hentry"],"yoast_head":"<!-- This site is optimized with the Yoast SEO plugin v24.1 - https:\/\/yoast.com\/wordpress\/plugins\/seo\/ -->\n<title>The Cannadips Story | CBD Infused Pouches | Cannadips Europe<\/title>\n<meta name=\"description\" content=\"Follow the journey and story behind how the original smokeless CBD infused pouches from Humboldt, California originated from.\" \/>\n<meta name=\"robots\" content=\"index, follow, max-snippet:-1, max-image-preview:large, max-video-preview:-1\" \/>\n<link rel=\"canonical\" href=\"https:\/\/www.cannadips.eu\/de\/geschichte\/\" \/>\n<meta property=\"og:locale\" content=\"de_DE\" \/>\n<meta property=\"og:type\" content=\"article\" \/>\n<meta property=\"og:title\" content=\"The Cannadips Story | CBD Infused Pouches | Cannadips Europe\" \/>\n<meta property=\"og:description\" content=\"Follow the journey and story behind how the original smokeless CBD infused pouches from Humboldt, California originated from.\" \/>\n<meta property=\"og:url\" content=\"https:\/\/www.cannadips.eu\/de\/geschichte\/\" \/>\n<meta property=\"og:site_name\" content=\"Cannadips Europe\" \/>\n<meta property=\"article:modified_time\" content=\"2025-06-20T06:08:45+00:00\" \/>\n<meta property=\"og:image\" content=\"https:\/\/www.cannadips.eu\/wp-content\/uploads\/Cannadips-CBD-Hemp-Pouch.jpg\" \/>\n\t<meta property=\"og:image:width\" content=\"1824\" \/>\n\t<meta property=\"og:image:height\" content=\"956\" \/>\n\t<meta property=\"og:image:type\" content=\"image\/jpeg\" \/>\n<meta name=\"twitter:card\" content=\"summary_large_image\" \/>\n<meta name=\"twitter:image\" content=\"https:\/\/www.cannadips.eu\/wp-content\/uploads\/Cannadips-CBD-Hemp-Pouch.jpg\" \/>\n<meta name=\"twitter:label1\" content=\"Gesch\u00e4tzte Lesezeit\" \/>\n\t<meta name=\"twitter:data1\" content=\"3\u00a0Minuten\" \/>\n<script type=\"application\/ld+json\" class=\"yoast-schema-graph\">{\"@context\":\"https:\/\/schema.org\",\"@graph\":[{\"@type\":\"WebPage\",\"@id\":\"https:\/\/www.cannadips.eu\/the-cannadips-story\/\",\"url\":\"https:\/\/www.cannadips.eu\/the-cannadips-story\/\",\"name\":\"The Cannadips Story | CBD Infused Pouches | Cannadips Europe\",\"isPartOf\":{\"@id\":\"https:\/\/www.cannadips.eu\/sv\/#website\"},\"primaryImageOfPage\":{\"@id\":\"https:\/\/www.cannadips.eu\/the-cannadips-story\/#primaryimage\"},\"image\":{\"@id\":\"https:\/\/www.cannadips.eu\/the-cannadips-story\/#primaryimage\"},\"thumbnailUrl\":\"https:\/\/www.cannadips.eu\/wp-content\/uploads\/cannadips-sharing-full-res.jpg\",\"datePublished\":\"2016-03-30T12:40:02+00:00\",\"dateModified\":\"2025-06-20T06:08:45+00:00\",\"description\":\"Follow the journey and story behind how the original smokeless CBD infused pouches from Humboldt, California originated from.\",\"breadcrumb\":{\"@id\":\"https:\/\/www.cannadips.eu\/the-cannadips-story\/#breadcrumb\"},\"inLanguage\":\"de\",\"potentialAction\":[{\"@type\":\"ReadAction\",\"target\":[\"https:\/\/www.cannadips.eu\/the-cannadips-story\/\"]}]},{\"@type\":\"ImageObject\",\"inLanguage\":\"de\",\"@id\":\"https:\/\/www.cannadips.eu\/the-cannadips-story\/#primaryimage\",\"url\":\"https:\/\/www.cannadips.eu\/wp-content\/uploads\/cannadips-sharing-full-res.jpg\",\"contentUrl\":\"https:\/\/www.cannadips.eu\/wp-content\/uploads\/cannadips-sharing-full-res.jpg\",\"width\":3000,\"height\":2000,\"caption\":\"Cannadips Story - CBD Infused pouches. Tangy Citrus.\"},{\"@type\":\"BreadcrumbList\",\"@id\":\"https:\/\/www.cannadips.eu\/the-cannadips-story\/#breadcrumb\",\"itemListElement\":[{\"@type\":\"ListItem\",\"position\":1,\"name\":\"Home\",\"item\":\"https:\/\/www.cannadips.eu\/\"},{\"@type\":\"ListItem\",\"position\":2,\"name\":\"The Cannadips Story\"}]},{\"@type\":\"WebSite\",\"@id\":\"https:\/\/www.cannadips.eu\/sv\/#website\",\"url\":\"https:\/\/www.cannadips.eu\/sv\/\",\"name\":\"Cannadips Europe\",\"description\":\"CBD Infused Pouches. All Natural. Discreet. Fast-Acting.\",\"potentialAction\":[{\"@type\":\"SearchAction\",\"target\":{\"@type\":\"EntryPoint\",\"urlTemplate\":\"https:\/\/www.cannadips.eu\/sv\/?s={search_term_string}\"},\"query-input\":{\"@type\":\"PropertyValueSpecification\",\"valueRequired\":true,\"valueName\":\"search_term_string\"}}],\"inLanguage\":\"de\"}]}<\/script>\n<!-- \/ Yoast SEO plugin. -->","yoast_head_json":{"title":"The Cannadips Story | CBD Infused Pouches | Cannadips Europe","description":"Follow the journey and story behind how the original smokeless CBD infused pouches from Humboldt, California originated from.","robots":{"index":"index","follow":"follow","max-snippet":"max-snippet:-1","max-image-preview":"max-image-preview:large","max-video-preview":"max-video-preview:-1"},"canonical":"https:\/\/www.cannadips.eu\/de\/geschichte\/","og_locale":"de_DE","og_type":"article","og_title":"The Cannadips Story | CBD Infused Pouches | Cannadips Europe","og_description":"Follow the journey and story behind how the original smokeless CBD infused pouches from Humboldt, California originated from.","og_url":"https:\/\/www.cannadips.eu\/de\/geschichte\/","og_site_name":"Cannadips Europe","article_modified_time":"2025-06-20T06:08:45+00:00","og_image":[{"width":1824,"height":956,"url":"https:\/\/www.cannadips.eu\/wp-content\/uploads\/Cannadips-CBD-Hemp-Pouch.jpg","type":"image\/jpeg"}],"twitter_card":"summary_large_image","twitter_image":"https:\/\/www.cannadips.eu\/wp-content\/uploads\/Cannadips-CBD-Hemp-Pouch.jpg","twitter_misc":{"Gesch\u00e4tzte Lesezeit":"3\u00a0Minuten"},"schema":{"@context":"https:\/\/schema.org","@graph":[{"@type":"WebPage","@id":"https:\/\/www.cannadips.eu\/the-cannadips-story\/","url":"https:\/\/www.cannadips.eu\/the-cannadips-story\/","name":"The Cannadips Story | CBD Infused Pouches | Cannadips Europe","isPartOf":{"@id":"https:\/\/www.cannadips.eu\/sv\/#website"},"primaryImageOfPage":{"@id":"https:\/\/www.cannadips.eu\/the-cannadips-story\/#primaryimage"},"image":{"@id":"https:\/\/www.cannadips.eu\/the-cannadips-story\/#primaryimage"},"thumbnailUrl":"https:\/\/www.cannadips.eu\/wp-content\/uploads\/cannadips-sharing-full-res.jpg","datePublished":"2016-03-30T12:40:02+00:00","dateModified":"2025-06-20T06:08:45+00:00","description":"Follow the journey and story behind how the original smokeless CBD infused pouches from Humboldt, California originated from.","breadcrumb":{"@id":"https:\/\/www.cannadips.eu\/the-cannadips-story\/#breadcrumb"},"inLanguage":"de","potentialAction":[{"@type":"ReadAction","target":["https:\/\/www.cannadips.eu\/the-cannadips-story\/"]}]},{"@type":"ImageObject","inLanguage":"de","@id":"https:\/\/www.cannadips.eu\/the-cannadips-story\/#primaryimage","url":"https:\/\/www.cannadips.eu\/wp-content\/uploads\/cannadips-sharing-full-res.jpg","contentUrl":"https:\/\/www.cannadips.eu\/wp-content\/uploads\/cannadips-sharing-full-res.jpg","width":3000,"height":2000,"caption":"Cannadips Story - CBD Infused pouches. Tangy Citrus."},{"@type":"BreadcrumbList","@id":"https:\/\/www.cannadips.eu\/the-cannadips-story\/#breadcrumb","itemListElement":[{"@type":"ListItem","position":1,"name":"Home","item":"https:\/\/www.cannadips.eu\/"},{"@type":"ListItem","position":2,"name":"The Cannadips Story"}]},{"@type":"WebSite","@id":"https:\/\/www.cannadips.eu\/sv\/#website","url":"https:\/\/www.cannadips.eu\/sv\/","name":"Cannadips Europe","description":"CBD Infused Pouches. All Natural. Discreet. Fast-Acting.","potentialAction":[{"@type":"SearchAction","target":{"@type":"EntryPoint","urlTemplate":"https:\/\/www.cannadips.eu\/sv\/?s={search_term_string}"},"query-input":{"@type":"PropertyValueSpecification","valueRequired":true,"valueName":"search_term_string"}}],"inLanguage":"de"}]}},"_links":{"self":[{"href":"https:\/\/www.cannadips.eu\/de\/wp-json\/wp\/v2\/pages\/377","targetHints":{"allow":["GET"]}}],"collection":[{"href":"https:\/\/www.cannadips.eu\/de\/wp-json\/wp\/v2\/pages"}],"about":[{"href":"https:\/\/www.cannadips.eu\/de\/wp-json\/wp\/v2\/types\/page"}],"author":[{"embeddable":true,"href":"https:\/\/www.cannadips.eu\/de\/wp-json\/wp\/v2\/users\/1"}],"replies":[{"embeddable":true,"href":"https:\/\/www.cannadips.eu\/de\/wp-json\/wp\/v2\/comments?post=377"}],"version-history":[{"count":1,"href":"https:\/\/www.cannadips.eu\/de\/wp-json\/wp\/v2\/pages\/377\/revisions"}],"predecessor-version":[{"id":41280,"href":"https:\/\/www.cannadips.eu\/de\/wp-json\/wp\/v2\/pages\/377\/revisions\/41280"}],"wp:featuredmedia":[{"embeddable":true,"href":"https:\/\/www.cannadips.eu\/de\/wp-json\/wp\/v2\/media\/456"}],"wp:attachment":[{"href":"https:\/\/www.cannadips.eu\/de\/wp-json\/wp\/v2\/media?parent=377"}],"curies":[{"name":"wp","href":"https:\/\/api.w.org\/{rel}","templated":true}]}}