{"id":35706,"date":"2023-10-13T04:29:53","date_gmt":"2023-10-13T02:29:53","guid":{"rendered":"http:\/\/www.cannadips.eu\/?page_id=35706"},"modified":"2025-04-30T11:57:39","modified_gmt":"2025-04-30T09:57:39","slug":"clearance","status":"publish","type":"page","link":"https:\/\/www.cannadips.eu\/de\/clearance\/","title":{"rendered":"R\u00e4umungsverkauf"},"content":{"rendered":"<div class=\"wpb-content-wrapper\"><div      class=\"vc_row wpb_row section vc_row-fluid  bs-ignore\" style=' text-align:left;'><div class=\"full_section_inner clearfix\"><div class=\"wpb_column vc_column_container vc_col-sm-12\"><div class=\"vc_column-inner\"><div class=\"wpb_wrapper\">\n\t\t\t\t<p class=\"rs-p-wp-fix\"><\/p>\n\t\t\t\t<sr7-module data-alias=\"2024-12-clearance-page\" data-id=\"314\" id=\"SR7_314_1\" class=\"rs-ov-hidden\" data-version=\"6.7.21\">\n\t\t\t\t\t<sr7-adjuster><\/sr7-adjuster>\n\t\t\t\t\t<sr7-content>\n\t\t\t\t\t\t<sr7-slide id=\"SR7_314_1-544\" data-key=\"544\">\n\t\t\t\t\t\t\t<sr7-bg id=\"SR7_314_1-544-16\" class=\"sr7-layer\"><noscript><img decoding=\"async\" src=\"https:\/\/www.cannadips.eu\/wp-content\/uploads\/clearance-desktop_v1.1.jpg\" alt=\"\" title=\"clearance-desktop_v1.1\"><\/noscript><\/sr7-bg>\n\t\t\t\t\t\t\t<h2 id=\"SR7_314_1-544-2\" class=\"sr7-layer\">G\u00d6R PLATS <br \/>F\u00d6R NYA<br \/> M\u00d6JLIGHETER<\/h2>\n\t\t\t\t\t\t\t<h2 id=\"SR7_314_1-544-3\" class=\"sr7-layer\">PLATZ MACHEN F\u00dcR ERSPARNISSE<\/h2>\n\t\t\t\t\t\t\t<h2 id=\"title-2\" class=\"sr7-layer\">ERSPARNISSE<\/h2>\n\t\t\t\t\t\t\t<h2 id=\"title-1\" class=\"sr7-layer\">PLATZ MACHEN F\u00dcR<\/h2>\n\t\t\t\t\t\t\t<p id=\"SR7_314_1-544-14\" class=\"sr7-layer\">DECKEN SIE SICH MIT TOP-ANGEBOTEN EIN,<br \/>\nSOLANGE DER VORRAT REICHT!<\/p>\n\t\t\t\t\t\t<\/sr7-slide>\n\t\t\t\t\t\t<sr7-slide id=\"SR7_314_1-541\" data-key=\"541\">\n\t\t\t\t\t\t<\/sr7-slide>\n\t\t\t\t\t<\/sr7-content>\n\t\t\t\t\t<image_lists style=\"display:none\">\n\t\t\t\t\t\t<img data-src=\"\/\/www.cannadips.eu\/wp-content\/uploads\/clearance-mobile_v1.2.jpg\" data-libid=\"39997\" data-lib=\"medialibrary\" title=\"clearance-mobile_v1.2\" width=\"0\" height=\"0\" data-dbsrc=\"Ly93d3cuY2FubmFkaXBzLmV1L3dwLWNvbnRlbnQvdXBsb2Fkcy9jbGVhcmFuY2UtbW9iaWxlX3YxLjIuanBn\"\/>\n\t\t\t\t\t\t<img data-src=\"\/\/www.cannadips.eu\/wp-content\/uploads\/clearance-desktop_v1.1.jpg\" data-libid=\"39999\" data-lib=\"medialibrary\" title=\"clearance-desktop_v1.1\" width=\"0\" height=\"0\" data-dbsrc=\"Ly93d3cuY2FubmFkaXBzLmV1L3dwLWNvbnRlbnQvdXBsb2Fkcy9jbGVhcmFuY2UtZGVza3RvcF92MS4xLmpwZw==\"\/>\n\t\t\t\t\t<\/image_lists>\n\t\t\t\t<\/sr7-module>\n\t\t\t\t<script>\n\t\t\t\t\tSR7.PMH ??={}; SR7.PMH[\"SR7_314_1\"] = {cn:0,state:false,fn: function() { if (_tpt!==undefined && _tpt.prepareModuleHeight !== undefined) {  _tpt.prepareModuleHeight({id:\"SR7_314_1\",el:[900,900,900,900,690],type:'standard',shdw:'0',gh:[900,900,900,900,600],gw:[1400,1400,1400,1400,480],vpt:['200px&#039;,&#039;200px&#039;,&#039;200px&#039;,&#039;200px&#039;,&#039;200px'],size:{fullWidth:true, fullHeight:true},fho:'',mh:'0',onh:0,onw:0,bg:{color:'{\"orig\":\"transparent\",\"type\":\"solid\",\"string\":\"transparent\"}'}});   SR7.PMH[\"SR7_314_1\"].state=true;} else if((SR7.PMH[\"SR7_314_1\"].cn++)<100)\tsetTimeout( SR7.PMH[\"SR7_314_1\"].fn,19);}};SR7.PMH[\"SR7_314_1\" ].fn();\n\t\t\t\t<\/script>\n<\/div><\/div><\/div><\/div><\/div><div   data-q_id=\"#clearance\"    class=\"vc_row wpb_row section vc_row-fluid  promolist clearance grid_section\" style=' padding-top:30px; padding-bottom:30px; text-align:center;'><div class=\"section_inner clearfix\"><div class='section_inner_margin clearfix'><div class=\"wpb_column vc_column_container vc_col-sm-12\"><div class=\"vc_column-inner\"><div class=\"wpb_wrapper\"><div class=\"vc_empty_space\"  style=\"height: 32px\" >\n\t<span class=\"vc_empty_space_inner\">\n\t\t<span class=\"empty_space_image\"  ><\/span>\n\t<\/span>\n<\/div>\n\t<div class=\"wpb_text_column wpb_content_element\">\n\t\t<div class=\"wpb_wrapper\">\n\t\t\t<h2 style=\"text-align: center; font-size: 50px; line-height: 1;\">RAUS MIT DEM ALTEN, REIN MIT DEN ANGEBOTEN<\/h2>\n\n\t\t<\/div>\n\t<\/div><div class=\"vc_empty_space\"  style=\"height: 5px\" >\n\t<span class=\"vc_empty_space_inner\">\n\t\t<span class=\"empty_space_image\"  ><\/span>\n\t<\/span>\n<\/div>\n\t<div class=\"wpb_text_column wpb_content_element\">\n\t\t<div class=\"wpb_wrapper\">\n\t\t\t<h3 style=\"text-align: center;\">Ausverkaufsdeals, Die Zu Gut Sind, Um Lange Zu Bleiben!<\/h3>\n\n\t\t<\/div>\n\t<\/div><div class='q_elements_holder three_columns responsive_mode_from_768' ><div class='q_elements_item' data-animation='no' data-item-class='q_elements_holder_custom_372542' style='vertical-align:middle;text-align:center;'><div class='q_elements_item_inner'><div class='q_elements_item_content q_elements_holder_custom_372542'><div class=\"woocommerce\"><\/div><\/div><\/div><\/div><div class='q_elements_item' data-animation='no' data-item-class='q_elements_holder_custom_337427' style='vertical-align:middle;text-align:center;'><div class='q_elements_item_inner'><div class='q_elements_item_content q_elements_holder_custom_337427'><div class=\"woocommerce\"><\/div><\/div><\/div><\/div><div class='q_elements_item' data-animation='no' data-item-class='q_elements_holder_custom_992752' style='vertical-align:middle;text-align:center;'><div class='q_elements_item_inner'><div class='q_elements_item_content q_elements_holder_custom_992752'><div class=\"woocommerce\"><\/div><\/div><\/div><\/div><div class='q_elements_item' data-animation='no' data-item-class='q_elements_holder_custom_615067' style='vertical-align:middle;text-align:center;'><div class='q_elements_item_inner'><div class='q_elements_item_content q_elements_holder_custom_615067'><div class=\"woocommerce\"><\/div><\/div><\/div><\/div><\/div><\/div><\/div><\/div><\/div><\/div><\/div>\n<\/div>","protected":false},"excerpt":{"rendered":"G\u00d6R PLATS F\u00d6R NYA M\u00d6JLIGHETER PLATZ MACHEN F\u00dcR ERSPARNISSE Savings Make Room for Stock up on big deals while supplies last! Out with the Old, In with the Deals Clearance...","protected":false},"author":627,"featured_media":0,"parent":0,"menu_order":0,"comment_status":"closed","ping_status":"closed","template":"full_width.php","meta":{"footnotes":""},"class_list":["post-35706","page","type-page","status-publish","hentry"],"yoast_head":"<!-- This site is optimized with the Yoast SEO plugin v24.1 - https:\/\/yoast.com\/wordpress\/plugins\/seo\/ -->\n<title>Clearance | Cannadips Europe<\/title>\n<meta name=\"description\" content=\"Cannadips CBD Pouches Shop - Smokeless hemp CBD pouches, CBG + Caffeine Pouches. THC, Tobacco and Nicotine Free.\" \/>\n<meta name=\"robots\" content=\"index, follow, max-snippet:-1, max-image-preview:large, max-video-preview:-1\" \/>\n<link rel=\"canonical\" href=\"https:\/\/www.cannadips.eu\/de\/clearance\/\" \/>\n<meta property=\"og:locale\" content=\"de_DE\" \/>\n<meta property=\"og:type\" content=\"article\" \/>\n<meta property=\"og:title\" content=\"Clearance | Cannadips Europe\" \/>\n<meta property=\"og:description\" content=\"Cannadips CBD Pouches Shop - Smokeless hemp CBD pouches, CBG + Caffeine Pouches. THC, Tobacco and Nicotine Free.\" \/>\n<meta property=\"og:url\" content=\"https:\/\/www.cannadips.eu\/de\/clearance\/\" \/>\n<meta property=\"og:site_name\" content=\"Cannadips Europe\" \/>\n<meta property=\"article:modified_time\" content=\"2025-04-30T09:57:39+00:00\" \/>\n<meta property=\"og:image\" content=\"https:\/\/www.cannadips.eu\/wp-content\/uploads\/Cannadips-CBD-Hemp-Pouch.jpg\" \/>\n\t<meta property=\"og:image:width\" content=\"1824\" \/>\n\t<meta property=\"og:image:height\" content=\"956\" \/>\n\t<meta property=\"og:image:type\" content=\"image\/jpeg\" \/>\n<meta name=\"twitter:card\" content=\"summary_large_image\" \/>\n<meta name=\"twitter:image\" content=\"https:\/\/www.cannadips.eu\/wp-content\/uploads\/Cannadips-CBD-Hemp-Pouch.jpg\" \/>\n<meta name=\"twitter:label1\" content=\"Gesch\u00e4tzte Lesezeit\" \/>\n\t<meta name=\"twitter:data1\" content=\"1\u00a0Minute\" \/>\n<script type=\"application\/ld+json\" class=\"yoast-schema-graph\">{\"@context\":\"https:\/\/schema.org\",\"@graph\":[{\"@type\":\"WebPage\",\"@id\":\"https:\/\/www.cannadips.eu\/sv\/clearance\/\",\"url\":\"https:\/\/www.cannadips.eu\/sv\/clearance\/\",\"name\":\"Clearance | Cannadips Europe\",\"isPartOf\":{\"@id\":\"https:\/\/www.cannadips.eu\/sv\/#website\"},\"datePublished\":\"2023-10-13T02:29:53+00:00\",\"dateModified\":\"2025-04-30T09:57:39+00:00\",\"description\":\"Cannadips CBD Pouches Shop - Smokeless hemp CBD pouches, CBG + Caffeine Pouches. THC, Tobacco and Nicotine Free.\",\"breadcrumb\":{\"@id\":\"https:\/\/www.cannadips.eu\/sv\/clearance\/#breadcrumb\"},\"inLanguage\":\"de\",\"potentialAction\":[{\"@type\":\"ReadAction\",\"target\":[\"https:\/\/www.cannadips.eu\/sv\/clearance\/\"]}]},{\"@type\":\"BreadcrumbList\",\"@id\":\"https:\/\/www.cannadips.eu\/sv\/clearance\/#breadcrumb\",\"itemListElement\":[{\"@type\":\"ListItem\",\"position\":1,\"name\":\"Home\",\"item\":\"https:\/\/www.cannadips.eu\/\"},{\"@type\":\"ListItem\",\"position\":2,\"name\":\"Clearance\"}]},{\"@type\":\"WebSite\",\"@id\":\"https:\/\/www.cannadips.eu\/sv\/#website\",\"url\":\"https:\/\/www.cannadips.eu\/sv\/\",\"name\":\"Cannadips Europe\",\"description\":\"CBD Infused Pouches. All Natural. Discreet. Fast-Acting.\",\"potentialAction\":[{\"@type\":\"SearchAction\",\"target\":{\"@type\":\"EntryPoint\",\"urlTemplate\":\"https:\/\/www.cannadips.eu\/sv\/?s={search_term_string}\"},\"query-input\":{\"@type\":\"PropertyValueSpecification\",\"valueRequired\":true,\"valueName\":\"search_term_string\"}}],\"inLanguage\":\"de\"}]}<\/script>\n<!-- \/ Yoast SEO plugin. -->","yoast_head_json":{"title":"Clearance | Cannadips Europe","description":"Cannadips CBD Pouches Shop - Smokeless hemp CBD pouches, CBG + Caffeine Pouches. THC, Tobacco and Nicotine Free.","robots":{"index":"index","follow":"follow","max-snippet":"max-snippet:-1","max-image-preview":"max-image-preview:large","max-video-preview":"max-video-preview:-1"},"canonical":"https:\/\/www.cannadips.eu\/de\/clearance\/","og_locale":"de_DE","og_type":"article","og_title":"Clearance | Cannadips Europe","og_description":"Cannadips CBD Pouches Shop - Smokeless hemp CBD pouches, CBG + Caffeine Pouches. THC, Tobacco and Nicotine Free.","og_url":"https:\/\/www.cannadips.eu\/de\/clearance\/","og_site_name":"Cannadips Europe","article_modified_time":"2025-04-30T09:57:39+00:00","og_image":[{"width":1824,"height":956,"url":"https:\/\/www.cannadips.eu\/wp-content\/uploads\/Cannadips-CBD-Hemp-Pouch.jpg","type":"image\/jpeg"}],"twitter_card":"summary_large_image","twitter_image":"https:\/\/www.cannadips.eu\/wp-content\/uploads\/Cannadips-CBD-Hemp-Pouch.jpg","twitter_misc":{"Gesch\u00e4tzte Lesezeit":"1\u00a0Minute"},"schema":{"@context":"https:\/\/schema.org","@graph":[{"@type":"WebPage","@id":"https:\/\/www.cannadips.eu\/sv\/clearance\/","url":"https:\/\/www.cannadips.eu\/sv\/clearance\/","name":"Clearance | Cannadips Europe","isPartOf":{"@id":"https:\/\/www.cannadips.eu\/sv\/#website"},"datePublished":"2023-10-13T02:29:53+00:00","dateModified":"2025-04-30T09:57:39+00:00","description":"Cannadips CBD Pouches Shop - Smokeless hemp CBD pouches, CBG + Caffeine Pouches. THC, Tobacco and Nicotine Free.","breadcrumb":{"@id":"https:\/\/www.cannadips.eu\/sv\/clearance\/#breadcrumb"},"inLanguage":"de","potentialAction":[{"@type":"ReadAction","target":["https:\/\/www.cannadips.eu\/sv\/clearance\/"]}]},{"@type":"BreadcrumbList","@id":"https:\/\/www.cannadips.eu\/sv\/clearance\/#breadcrumb","itemListElement":[{"@type":"ListItem","position":1,"name":"Home","item":"https:\/\/www.cannadips.eu\/"},{"@type":"ListItem","position":2,"name":"Clearance"}]},{"@type":"WebSite","@id":"https:\/\/www.cannadips.eu\/sv\/#website","url":"https:\/\/www.cannadips.eu\/sv\/","name":"Cannadips Europe","description":"CBD Infused Pouches. All Natural. Discreet. Fast-Acting.","potentialAction":[{"@type":"SearchAction","target":{"@type":"EntryPoint","urlTemplate":"https:\/\/www.cannadips.eu\/sv\/?s={search_term_string}"},"query-input":{"@type":"PropertyValueSpecification","valueRequired":true,"valueName":"search_term_string"}}],"inLanguage":"de"}]}},"_links":{"self":[{"href":"https:\/\/www.cannadips.eu\/de\/wp-json\/wp\/v2\/pages\/35706","targetHints":{"allow":["GET"]}}],"collection":[{"href":"https:\/\/www.cannadips.eu\/de\/wp-json\/wp\/v2\/pages"}],"about":[{"href":"https:\/\/www.cannadips.eu\/de\/wp-json\/wp\/v2\/types\/page"}],"author":[{"embeddable":true,"href":"https:\/\/www.cannadips.eu\/de\/wp-json\/wp\/v2\/users\/627"}],"replies":[{"embeddable":true,"href":"https:\/\/www.cannadips.eu\/de\/wp-json\/wp\/v2\/comments?post=35706"}],"version-history":[{"count":0,"href":"https:\/\/www.cannadips.eu\/de\/wp-json\/wp\/v2\/pages\/35706\/revisions"}],"wp:attachment":[{"href":"https:\/\/www.cannadips.eu\/de\/wp-json\/wp\/v2\/media?parent=35706"}],"curies":[{"name":"wp","href":"https:\/\/api.w.org\/{rel}","templated":true}]}}