{"id":20581,"date":"2020-10-23T10:43:50","date_gmt":"2020-10-23T08:43:50","guid":{"rendered":"http:\/\/www.cannadips.eu\/?page_id=20581"},"modified":"2025-06-19T07:49:34","modified_gmt":"2025-06-19T05:49:34","slug":"cdp-vip-loyalty-program-tos","status":"publish","type":"page","link":"https:\/\/www.cannadips.eu\/de\/cdp-vip-loyalitatsprogramm-tos\/","title":{"rendered":"Cannadips VIP Loyalty Program"},"content":{"rendered":"<div class=\"wpb-content-wrapper\"><div      class=\"vc_row wpb_row section vc_row-fluid  policy notranslate translation-block\" style=' padding-top:40px; padding-bottom:60px; text-align:left;'><div class=\"full_section_inner clearfix\"><div class=\"wpb_column vc_column_container vc_col-sm-12\"><div class=\"vc_column-inner\"><div class=\"wpb_wrapper\">\n\t<div class=\"wpb_text_column wpb_content_element\">\n\t\t<div class=\"wpb_wrapper\">\n\t\t\t<h1>CANNADIPS VIP-PROGRAMM<\/h1>\n\n\t\t<\/div> \n\t<\/div> \t<div class=\"vc_empty_space\" style=\"height: 10px\"><span class=\"vc_empty_space_inner\">\n\t\t\t<span class=\"empty_space_image\"><\/span>\n\t\t<\/span><\/div>\n\n\n\t<div class=\"wpb_text_column wpb_content_element\">\n\t\t<div class=\"wpb_wrapper\">\n\t\t\t<div>\n<p> Als Mitglied des Cannadips VIP Rewards-Programms erhalten Sie Punkte basierend auf Ihren Eink\u00e4ufen. Um Punkte f\u00fcr den Kauf zu sammeln, m\u00fcssen Sie ein Cannadips-Konto erstellen und unsere Produkte kaufen. Die Punkte werden nach Abschluss der Bestellung auf Ihr Konto gebucht. CannaPoints haben keinen monet\u00e4ren Wert und k\u00f6nnen nicht auf andere Personen \u00fcbertragen werden.<\/p>\n<p>\u00a0<\/p>\n<p>Die Punkte werden wie folgt berechnet:<\/p>\n<ol>\n<li>Bei der Registrierung erhalten Sie 200 CannaPoints *.<\/li>\n<li>F\u00fcr abgeschlossene Bestellungen:\n<ul>\n<li>2 kr Bestellbetrag (ohne Versandkosten) = 1 CannaPoints<\/li>\n<li>10 CannaPoints = 1 kr Rabatt f\u00fcr zuk\u00fcnftige Bestellungen<\/li>\n<\/ul>\n<\/li>\n<\/ol>\n<p><em>nur f\u00fcr Konten, die nach dem 23. November 2020 registriert wurden.<\/em><\/p>\n<p>\u00a0<\/p>\n<p> Das Cannadips VIP Rewards-Programm kann nach Ermessen von Cannadips Europe mit oder ohne Vorank\u00fcndigung ge\u00e4ndert, storniert und eingeschr\u00e4nkt werden. Die Anzahl der Punkte, die zum Einl\u00f6sen einer Pr\u00e4mie erforderlich sind, kann erheblich erh\u00f6ht oder verringert werden, eine Pr\u00e4mie kann zur\u00fcckgezogen werden und es k\u00f6nnen jederzeit Beschr\u00e4nkungen f\u00fcr die Vergabe oder Einl\u00f6sung von Pr\u00e4mien auferlegt werden.<\/p>\n<p>Sobald Sie Ihre Punkte f\u00fcr ein qualifiziertes Produkt einl\u00f6sen und das Produkt versendet wurde, werden die Punkte nicht wieder hergestellt. Sollte es eine erstattete Bestellung geben, verfallen die aus dieser Bestellung gesammelten Punkte. Wenn die verfallenen Punkte verwendet wurden, werden sie von den Kontopunkten abgezogen. Wenn der Kontostand unter Null liegt, muss der Benutzer den entsprechenden Barwert an Cannadips Europe zur\u00fcckgeben. Andernfalls beh\u00e4lt sich Cannadips Europe das Recht vor, dies als Missbrauch des Programms einzustufen.<\/p>\n<p> Punkte verfallen <strong><u>120 <\/u><\/strong> Tage nach dem Posten. Es liegt in der alleinigen Verantwortung des Programmmitglieds, die Richtigkeit seiner Punkte zu \u00fcberpr\u00fcfen.<\/p>\n<p>Im Falle von Betrug oder Missbrauch im Zusammenhang mit dem Pr\u00e4mienprogramm, der Gutschrift von Punkten oder der Ausgabe von Pr\u00e4mien hat Cannadips Europe das Recht, geeignete administrative und \/ oder rechtliche Schritte einzuleiten, einschlie\u00dflich, aber nicht beschr\u00e4nkt auf den Widerruf \/ die Stornierung einer Pr\u00e4mie und \/ oder die Beendigung Ihrer Pr\u00e4mie Die Berechtigung f\u00fcr das Pr\u00e4mienprogramm und alle durch das Programm gesammelten Punkte k\u00f6nnen verfallen und Ihr Konto geschlossen werden.<\/p>\n<p>In Situationen, in denen Fehler oder Missbrauch des Programms auftreten, behalten wir uns das Recht vor, ein Konto zu sperren oder die zuk\u00fcnftige Einl\u00f6sung von ausgegebenen Pr\u00e4mienpunkten zu stoppen.<\/p>\n<\/div>\n\n\t\t<\/div> \n\t<\/div> \n\t<div class=\"wpb_text_column wpb_content_element\">\n\t\t<div class=\"wpb_wrapper\">\n\t\t\t<p>Bei Fragen wenden Sie sich bitte an: hello@cannadips.eu<\/p>\n\n\t\t<\/div> \n\t<\/div> \t<div class=\"vc_empty_space\" style=\"height: 20px\"><span class=\"vc_empty_space_inner\">\n\t\t\t<span class=\"empty_space_image\"><\/span>\n\t\t<\/span><\/div>\n\n<\/div><\/div><\/div><\/div>\n<\/div>\n<\/div>","protected":false},"excerpt":{"rendered":"CANNADIPS VIP LOYALTY PROGRAM As a member of the Cannadips VIP Rewards Program, you will receive points based on your purchases. To accumulate points for purchase, you must create a...","protected":false},"author":1,"featured_media":0,"parent":0,"menu_order":0,"comment_status":"closed","ping_status":"closed","template":"","meta":{"footnotes":""},"class_list":["post-20581","page","type-page","status-publish","hentry"],"yoast_head":"<!-- This site is optimized with the Yoast SEO plugin v24.1 - https:\/\/yoast.com\/wordpress\/plugins\/seo\/ -->\n<title>Cannadips VIP Loyalty Program | Cannadips Europe<\/title>\n<meta name=\"robots\" content=\"index, follow, max-snippet:-1, max-image-preview:large, max-video-preview:-1\" \/>\n<link rel=\"canonical\" href=\"https:\/\/www.cannadips.eu\/de\/cdp-vip-loyalitatsprogramm-tos\/\" \/>\n<meta property=\"og:locale\" content=\"de_DE\" \/>\n<meta property=\"og:type\" content=\"article\" \/>\n<meta property=\"og:title\" content=\"Cannadips VIP Loyalty Program | Cannadips Europe\" \/>\n<meta property=\"og:url\" content=\"https:\/\/www.cannadips.eu\/de\/cdp-vip-loyalitatsprogramm-tos\/\" \/>\n<meta property=\"og:site_name\" content=\"Cannadips Europe\" \/>\n<meta property=\"article:modified_time\" content=\"2025-06-19T05:49:34+00:00\" \/>\n<meta property=\"og:image\" content=\"https:\/\/www.cannadips.eu\/wp-content\/uploads\/Cannadips-CBD-Hemp-Pouch.jpg\" \/>\n\t<meta property=\"og:image:width\" content=\"1824\" \/>\n\t<meta property=\"og:image:height\" content=\"956\" \/>\n\t<meta property=\"og:image:type\" content=\"image\/jpeg\" \/>\n<meta name=\"twitter:card\" content=\"summary_large_image\" \/>\n<meta name=\"twitter:image\" content=\"https:\/\/www.cannadips.eu\/wp-content\/uploads\/Cannadips-CBD-Hemp-Pouch.jpg\" \/>\n<meta name=\"twitter:label1\" content=\"Gesch\u00e4tzte Lesezeit\" \/>\n\t<meta name=\"twitter:data1\" content=\"2\u00a0Minuten\" \/>\n<script type=\"application\/ld+json\" class=\"yoast-schema-graph\">{\"@context\":\"https:\/\/schema.org\",\"@graph\":[{\"@type\":\"WebPage\",\"@id\":\"https:\/\/www.cannadips.eu\/cdp-vip-loyalty-program-tos\/\",\"url\":\"https:\/\/www.cannadips.eu\/cdp-vip-loyalty-program-tos\/\",\"name\":\"Cannadips VIP Loyalty Program | Cannadips Europe\",\"isPartOf\":{\"@id\":\"https:\/\/www.cannadips.eu\/sv\/#website\"},\"datePublished\":\"2020-10-23T08:43:50+00:00\",\"dateModified\":\"2025-06-19T05:49:34+00:00\",\"breadcrumb\":{\"@id\":\"https:\/\/www.cannadips.eu\/cdp-vip-loyalty-program-tos\/#breadcrumb\"},\"inLanguage\":\"de\",\"potentialAction\":[{\"@type\":\"ReadAction\",\"target\":[\"https:\/\/www.cannadips.eu\/cdp-vip-loyalty-program-tos\/\"]}]},{\"@type\":\"BreadcrumbList\",\"@id\":\"https:\/\/www.cannadips.eu\/cdp-vip-loyalty-program-tos\/#breadcrumb\",\"itemListElement\":[{\"@type\":\"ListItem\",\"position\":1,\"name\":\"Home\",\"item\":\"https:\/\/www.cannadips.eu\/sv\/?page_id=29389\"},{\"@type\":\"ListItem\",\"position\":2,\"name\":\"Cannadips VIP Loyalty Program\"}]},{\"@type\":\"WebSite\",\"@id\":\"https:\/\/www.cannadips.eu\/sv\/#website\",\"url\":\"https:\/\/www.cannadips.eu\/sv\/\",\"name\":\"Cannadips Europe\",\"description\":\"CBD Infused Pouches. All Natural. Discreet. Fast-Acting.\",\"potentialAction\":[{\"@type\":\"SearchAction\",\"target\":{\"@type\":\"EntryPoint\",\"urlTemplate\":\"https:\/\/www.cannadips.eu\/sv\/?s={search_term_string}\"},\"query-input\":{\"@type\":\"PropertyValueSpecification\",\"valueRequired\":true,\"valueName\":\"search_term_string\"}}],\"inLanguage\":\"de\"}]}<\/script>\n<!-- \/ Yoast SEO plugin. -->","yoast_head_json":{"title":"Cannadips VIP Loyalty Program | Cannadips Europe","robots":{"index":"index","follow":"follow","max-snippet":"max-snippet:-1","max-image-preview":"max-image-preview:large","max-video-preview":"max-video-preview:-1"},"canonical":"https:\/\/www.cannadips.eu\/de\/cdp-vip-loyalitatsprogramm-tos\/","og_locale":"de_DE","og_type":"article","og_title":"Cannadips VIP Loyalty Program | Cannadips Europe","og_url":"https:\/\/www.cannadips.eu\/de\/cdp-vip-loyalitatsprogramm-tos\/","og_site_name":"Cannadips Europe","article_modified_time":"2025-06-19T05:49:34+00:00","og_image":[{"width":1824,"height":956,"url":"https:\/\/www.cannadips.eu\/wp-content\/uploads\/Cannadips-CBD-Hemp-Pouch.jpg","type":"image\/jpeg"}],"twitter_card":"summary_large_image","twitter_image":"https:\/\/www.cannadips.eu\/wp-content\/uploads\/Cannadips-CBD-Hemp-Pouch.jpg","twitter_misc":{"Gesch\u00e4tzte Lesezeit":"2\u00a0Minuten"},"schema":{"@context":"https:\/\/schema.org","@graph":[{"@type":"WebPage","@id":"https:\/\/www.cannadips.eu\/cdp-vip-loyalty-program-tos\/","url":"https:\/\/www.cannadips.eu\/cdp-vip-loyalty-program-tos\/","name":"Cannadips VIP Loyalty Program | Cannadips Europe","isPartOf":{"@id":"https:\/\/www.cannadips.eu\/sv\/#website"},"datePublished":"2020-10-23T08:43:50+00:00","dateModified":"2025-06-19T05:49:34+00:00","breadcrumb":{"@id":"https:\/\/www.cannadips.eu\/cdp-vip-loyalty-program-tos\/#breadcrumb"},"inLanguage":"de","potentialAction":[{"@type":"ReadAction","target":["https:\/\/www.cannadips.eu\/cdp-vip-loyalty-program-tos\/"]}]},{"@type":"BreadcrumbList","@id":"https:\/\/www.cannadips.eu\/cdp-vip-loyalty-program-tos\/#breadcrumb","itemListElement":[{"@type":"ListItem","position":1,"name":"Home","item":"https:\/\/www.cannadips.eu\/sv\/?page_id=29389"},{"@type":"ListItem","position":2,"name":"Cannadips VIP Loyalty Program"}]},{"@type":"WebSite","@id":"https:\/\/www.cannadips.eu\/sv\/#website","url":"https:\/\/www.cannadips.eu\/sv\/","name":"Cannadips Europe","description":"CBD Infused Pouches. All Natural. Discreet. Fast-Acting.","potentialAction":[{"@type":"SearchAction","target":{"@type":"EntryPoint","urlTemplate":"https:\/\/www.cannadips.eu\/sv\/?s={search_term_string}"},"query-input":{"@type":"PropertyValueSpecification","valueRequired":true,"valueName":"search_term_string"}}],"inLanguage":"de"}]}},"_links":{"self":[{"href":"https:\/\/www.cannadips.eu\/de\/wp-json\/wp\/v2\/pages\/20581","targetHints":{"allow":["GET"]}}],"collection":[{"href":"https:\/\/www.cannadips.eu\/de\/wp-json\/wp\/v2\/pages"}],"about":[{"href":"https:\/\/www.cannadips.eu\/de\/wp-json\/wp\/v2\/types\/page"}],"author":[{"embeddable":true,"href":"https:\/\/www.cannadips.eu\/de\/wp-json\/wp\/v2\/users\/1"}],"replies":[{"embeddable":true,"href":"https:\/\/www.cannadips.eu\/de\/wp-json\/wp\/v2\/comments?post=20581"}],"version-history":[{"count":1,"href":"https:\/\/www.cannadips.eu\/de\/wp-json\/wp\/v2\/pages\/20581\/revisions"}],"predecessor-version":[{"id":41274,"href":"https:\/\/www.cannadips.eu\/de\/wp-json\/wp\/v2\/pages\/20581\/revisions\/41274"}],"wp:attachment":[{"href":"https:\/\/www.cannadips.eu\/de\/wp-json\/wp\/v2\/media?parent=20581"}],"curies":[{"name":"wp","href":"https:\/\/api.w.org\/{rel}","templated":true}]}}